{"id":881,"date":"2018-09-30T09:31:27","date_gmt":"2018-09-30T09:31:27","guid":{"rendered":"http:\/\/wp13120761.server-he.de\/www-gemini-systems-neu\/?page_id=881"},"modified":"2020-09-30T21:36:47","modified_gmt":"2020-09-30T20:36:47","slug":"contact-opnemen-met","status":"publish","type":"page","link":"https:\/\/gemini.systems\/nl\/ueber-uns\/kontakt\/","title":{"rendered":"Contact opnemen"},"content":{"rendered":"<p>[et_pb_section fb_built=&#8220;1&#8243; custom_padding_last_edited=&#8220;on|tablet&#8220; admin_label=&#8220;Hero&#8220; _builder_version=&#8220;4.6.5&#8243; use_background_color_gradient=&#8220;on&#8220; background_color_gradient_start=&#8220;rgba(27,31,37,0.2)&#8220; background_color_gradient_end=&#8220;#1b1f25&#8243; background_color_gradient_overlays_image=&#8220;on&#8220; background_image=&#8220;https:\/\/gemini.systems\/de\/wp-content\/uploads\/2020\/09\/Europakarte.jpg&#8220; custom_margin=&#8220;0px|||&#8220; custom_padding=&#8220;0px|10%|0px|10%|true|true&#8220; custom_padding_tablet=&#8220;|30px||30px||true&#8220; custom_padding_phone=&#8220;|||||true&#8220; hover_enabled=&#8220;0&#8243; locked=&#8220;off&#8220; title_text=&#8220;Europakarte&#8220; sticky_enabled=&#8220;0&#8243;][et_pb_row column_structure=&#8220;2_3,1_3&#8243; padding_top_bottom_link_1=&#8220;true&#8220; padding_left_right_link_1=&#8220;true&#8220; _builder_version=&#8220;3.25&#8243; use_background_color_gradient=&#8220;on&#8220; background_color_gradient_start=&#8220;rgba(43,135,218,0.71)&#8220; background_color_gradient_end=&#8220;rgba(41,196,169,0.69)&#8220; background_size=&#8220;initial&#8220; background_position=&#8220;top_left&#8220; width=&#8220;100%&#8220; max_width=&#8220;100%&#8220; custom_margin=&#8220;|||&#8220; custom_padding=&#8220;0||0px||false|false&#8220; use_custom_width=&#8220;on&#8220; width_unit=&#8220;off&#8220; custom_width_percent=&#8220;100%&#8220;][et_pb_column type=&#8220;2_3&#8243; _builder_version=&#8220;3.25&#8243; use_background_color_gradient=&#8220;on&#8220; background_color_gradient_start=&#8220;rgba(0,0,0,0.33)&#8220; background_color_gradient_end=&#8220;rgba(255,255,255,0)&#8220; custom_padding=&#8220;7vw|40px|7vw|40px&#8220; custom_padding_tablet=&#8220;|||&#8220; custom_padding_phone=&#8220;|10px||10px||true&#8220; custom_padding_last_edited=&#8220;on|desktop&#8220; custom_padding__hover=&#8220;|||&#8220;][et_pb_text _builder_version=&#8220;3.27.4&#8243; text_font=&#8220;Lato||||||||&#8220; text_font_size=&#8220;20px&#8220; text_line_height=&#8220;1.8em&#8220; header_font=&#8220;Teko|500||on|||||&#8220; header_font_size=&#8220;9vw&#8220; header_letter_spacing=&#8220;0.05em&#8220; header_line_height=&#8220;0.9em&#8220; background_layout=&#8220;dark&#8220; custom_margin=&#8220;|-10vw|0px|&#8220; custom_margin_tablet=&#8220;|0vw||&#8220; custom_margin_phone=&#8220;|-5vw||&#8220; custom_margin_last_edited=&#8220;on|tablet&#8220; animation_style=&#8220;zoom&#8220; animation_delay=&#8220;100ms&#8220; animation_intensity_zoom=&#8220;10%&#8220; header_font_size_tablet=&#8220;&#8220; header_font_size_phone=&#8220;&#8220; header_font_size_last_edited=&#8220;on|phone&#8220; header_line_height_tablet=&#8220;&#8220; header_line_height_phone=&#8220;1.2em&#8220; header_line_height_last_edited=&#8220;on|phone&#8220; header_text_shadow_style=&#8220;preset1&#8243; header_text_shadow_vertical_length=&#8220;0.18em&#8220; header_text_shadow_blur_strength=&#8220;0.27em&#8220; header_text_shadow_color=&#8220;rgba(0,0,0,0.38)&#8220;]<\/p>\n<h1>Kontakt<\/h1>\n<p>[\/et_pb_text][et_pb_text _builder_version=&#8220;4.6.5&#8243; text_font=&#8220;Lato||||||||&#8220; text_font_size=&#8220;20px&#8220; text_line_height=&#8220;1.8em&#8220; header_font=&#8220;||||||||&#8220; background_layout=&#8220;dark&#8220; custom_margin=&#8220;|-10vw||10vw&#8220; custom_margin_tablet=&#8220;|0vw||0px&#8220; custom_margin_phone=&#8220;&#8220; custom_margin_last_edited=&#8220;on|desktop&#8220; animation_style=&#8220;slide&#8220; animation_direction=&#8220;left&#8220; animation_intensity_slide=&#8220;10%&#8220; hover_enabled=&#8220;0&#8243; locked=&#8220;off&#8220; sticky_enabled=&#8220;0&#8243;]<\/p>\n<p>Was uns auszeichnet ist ein unkomplizierter freundlicher Umgang, schnelle und individuelle L\u00f6sungen und gute Beratung sind unsere St\u00e4rke.<\/p>\n<p>[\/et_pb_text][\/et_pb_column][et_pb_column type=&#8220;1_3&#8243; _builder_version=&#8220;3.25&#8243; custom_padding=&#8220;|||&#8220; custom_padding__hover=&#8220;|||&#8220;][\/et_pb_column][\/et_pb_row][\/et_pb_section][et_pb_section fb_built=&#8220;1&#8243; admin_label=&#8220;Listings&#8220; _builder_version=&#8220;4.6.5&#8243; custom_padding=&#8220;0px|0px|0px|0px|true|false&#8220; hover_enabled=&#8220;0&#8243; sticky_enabled=&#8220;0&#8243;][et_pb_row column_structure=&#8220;1_3,1_3,1_3&#8243; _builder_version=&#8220;3.25&#8243;][et_pb_column type=&#8220;1_3&#8243; _builder_version=&#8220;3.25&#8243; custom_padding=&#8220;|||&#8220; custom_padding__hover=&#8220;|||&#8220;][et_pb_image src=&#8220;https:\/\/gemini.systems\/de\/wp-content\/uploads\/2018\/09\/icon-talkingclouds.png&#8220; align_tablet=&#8220;center&#8220; align_phone=&#8220;&#8220; align_last_edited=&#8220;on|desktop&#8220; _builder_version=&#8220;4.6.5&#8243; hover_enabled=&#8220;0&#8243; sticky_enabled=&#8220;0&#8243;][\/et_pb_image][et_pb_text ul_type=&#8220;square&#8220; admin_label=&#8220;Title&#8220; _builder_version=&#8220;4.6.5&#8243; text_font=&#8220;Lato||||||||&#8220; text_font_size=&#8220;16px&#8220; text_line_height=&#8220;2em&#8220; ul_font=&#8220;||||||||&#8220; header_font=&#8220;||||||||&#8220; header_3_font=&#8220;Teko|500|||||||&#8220; header_3_font_size=&#8220;26px&#8220; header_3_line_height=&#8220;1.2em&#8220; header_4_font=&#8220;||||||||&#8220; custom_margin=&#8220;||0px|&#8220; hover_enabled=&#8220;0&#8243; locked=&#8220;off&#8220; sticky_enabled=&#8220;0&#8243;]<\/p>\n<h3>Allgemein<\/h3>\n<p><strong>+49 (0) 208\/30 67 84 93<br \/><\/strong><a href=\"mailto:contact@gemini.systems\">contact@gemini.systems<\/a><\/p>\n<p><span>Gemini Systems GmbH<\/span><br \/><span>Hauptstra\u00dfe 44-46<\/span><br \/><span>53804 Much<\/span><br \/><span>Deutschland<\/span><\/p>\n<p>[\/et_pb_text][\/et_pb_column][et_pb_column type=&#8220;1_3&#8243; _builder_version=&#8220;3.25&#8243; custom_padding=&#8220;|||&#8220; custom_padding__hover=&#8220;|||&#8220;][et_pb_image src=&#8220;https:\/\/gemini.systems\/de\/wp-content\/uploads\/2018\/09\/icon-clipboard.png&#8220; align_tablet=&#8220;center&#8220; align_phone=&#8220;&#8220; align_last_edited=&#8220;on|desktop&#8220; _builder_version=&#8220;4.6.5&#8243; hover_enabled=&#8220;0&#8243; sticky_enabled=&#8220;0&#8243;][\/et_pb_image][et_pb_text ul_type=&#8220;square&#8220; admin_label=&#8220;Title&#8220; _builder_version=&#8220;4.6.5&#8243; text_font=&#8220;Lato||||||||&#8220; text_font_size=&#8220;16px&#8220; text_line_height=&#8220;2em&#8220; ul_font=&#8220;||||||||&#8220; header_font=&#8220;||||||||&#8220; header_3_font=&#8220;Teko|500|||||||&#8220; header_3_font_size=&#8220;26px&#8220; header_3_line_height=&#8220;1.2em&#8220; header_4_font=&#8220;||||||||&#8220; custom_margin=&#8220;||0px|&#8220; hover_enabled=&#8220;0&#8243; locked=&#8220;off&#8220; sticky_enabled=&#8220;0&#8243;]<\/p>\n<h3>Presse<\/h3>\n<p><a href=\"mailto:presse@gemini.systems\">presse@gemini.systems<\/a><\/p>\n<p>[\/et_pb_text][\/et_pb_column][et_pb_column _builder_version=&#8220;4.6.5&#8243; _module_preset=&#8220;default&#8220; type=&#8220;1_3&#8243;][et_pb_image src=&#8220;https:\/\/gemini.systems\/de\/wp-content\/uploads\/2018\/09\/icon-talkingclouds.png&#8220; align_tablet=&#8220;center&#8220; align_phone=&#8220;&#8220; align_last_edited=&#8220;on|desktop&#8220; _builder_version=&#8220;4.6.5&#8243; hover_enabled=&#8220;0&#8243; sticky_enabled=&#8220;0&#8243;][\/et_pb_image][et_pb_text ul_type=&#8220;square&#8220; admin_label=&#8220;Title&#8220; _builder_version=&#8220;4.6.5&#8243; text_font=&#8220;Lato||||||||&#8220; text_font_size=&#8220;16px&#8220; text_line_height=&#8220;2em&#8220; ul_font=&#8220;||||||||&#8220; header_font=&#8220;||||||||&#8220; header_3_font=&#8220;Teko|500|||||||&#8220; header_3_font_size=&#8220;26px&#8220; header_3_line_height=&#8220;1.2em&#8220; header_4_font=&#8220;||||||||&#8220; custom_margin=&#8220;||0px|&#8220; hover_enabled=&#8220;0&#8243; locked=&#8220;off&#8220; sticky_enabled=&#8220;0&#8243;]<\/p>\n<h3>Technischer Support<\/h3>\n<p><a href=\"https:\/\/gemini.systems\/support\/\">Anleitungen und Dokumentation<\/a><\/p>\n<p><a href=\"https:\/\/support.gemini.systems\" target=\"_blank\" rel=\"noopener noreferrer\">Das Online Helpdesk (Ticketsystem)<\/a><\/p>\n<p>E-mail:\u00a0<a href=\"mailto:support@gemini.systems\">support@gemini.systems<\/a><\/p>\n<p>[\/et_pb_text][\/et_pb_column][\/et_pb_row][et_pb_row _builder_version=&#8220;3.25&#8243;][et_pb_column type=&#8220;4_4&#8243; _builder_version=&#8220;3.25&#8243; custom_padding=&#8220;|||&#8220; custom_padding__hover=&#8220;|||&#8220;][et_pb_text _builder_version=&#8220;4.6.5&#8243; _module_preset=&#8220;default&#8220; hover_enabled=&#8220;0&#8243; sticky_enabled=&#8220;0&#8243;]<\/p>\n<h2>Unsere lokalen Ansprech- und Vertriebspartner in Europa<\/h2>\n<p>[\/et_pb_text][et_pb_text _builder_version=&#8220;4.6.5&#8243; text_font=&#8220;Open Sans LOCAL||||||||&#8220; hover_enabled=&#8220;0&#8243; sticky_enabled=&#8220;0&#8243;]<\/p>\n<p>Unser Schwerpunkt liegt in Deutschland, Schweiz, \u00d6sterreich, den Niederlanden, Belgien und Luxemburg (Benelux-L\u00e4nder). Ihren lokalen Vertriebspartner und Support finden Sie unten. Auch in andere L\u00e4nder Europas und weltweit k\u00f6nnen wir liefern und Sie betreuen, fragen Sie trotzdem gerne an, auch wenn Ihr Land nicht zu unserem Schwerpunkt geh\u00f6rt.<\/p>\n<p>[\/et_pb_text][\/et_pb_column][\/et_pb_row][et_pb_row column_structure=&#8220;1_3,2_3&#8243; _builder_version=&#8220;4.6.5&#8243; _module_preset=&#8220;default&#8220; background_color=&#8220;rgba(214,214,214,0.18)&#8220; custom_margin=&#8220;||30px||false|false&#8220; custom_padding=&#8220;||||false|false&#8220; border_radii=&#8220;on|15px|15px|15px|15px&#8220; box_shadow_style=&#8220;preset3&#8243;][et_pb_column type=&#8220;1_3&#8243; _builder_version=&#8220;4.6.5&#8243; _module_preset=&#8220;default&#8220;][et_pb_text _builder_version=&#8220;4.6.5&#8243; _module_preset=&#8220;default&#8220;]<\/p>\n<h2 style=\"text-align: center;\">Benelux<\/h2>\n<p>[\/et_pb_text][et_pb_image src=&#8220;https:\/\/gemini.systems\/de\/wp-content\/uploads\/2018\/09\/Boudewijn-300&#215;240.png&#8220; title_text=&#8220;Boudewijn&#8220; _builder_version=&#8220;4.6.5&#8243; _module_preset=&#8220;default&#8220;][\/et_pb_image][\/et_pb_column][et_pb_column type=&#8220;2_3&#8243; _builder_version=&#8220;4.6.5&#8243; _module_preset=&#8220;default&#8220;][et_pb_image src=&#8220;https:\/\/gemini.systems\/de\/wp-content\/uploads\/2020\/09\/cropped-CPlogo-150&#215;150.png&#8220; title_text=&#8220;Cropped CPlogo&#8220; _builder_version=&#8220;4.6.5&#8243; _module_preset=&#8220;default&#8220; max_width=&#8220;10%&#8220;][\/et_pb_image][et_pb_text _builder_version=&#8220;4.6.5&#8243; _module_preset=&#8220;default&#8220;]<\/p>\n<p><strong>ColorPlaza<br \/> <\/strong>Boudewijn Krijger<br \/> Rosa Spierlaan 434<br \/> 1187 PJ \u00a0Amstelveen<br \/> Nederland<\/p>\n<p>Tel: +31 (0) 172 \u2013 474 808<br \/> email: <a href=\"mailto:info@colorplaza.nl\">info@colorplaza.nl<br \/> <\/a><a href=\"https:\/\/colorplaza.nl\" target=\"_blank\" rel=\"noopener noreferrer\">www.colorplaza.nl<\/a><\/p>\n<p>[\/et_pb_text][\/et_pb_column][\/et_pb_row][et_pb_row column_structure=&#8220;1_3,2_3&#8243; _builder_version=&#8220;4.6.5&#8243; _module_preset=&#8220;default&#8220; background_color=&#8220;rgba(214,214,214,0.18)&#8220; custom_margin=&#8220;||30px||false|false&#8220; custom_padding=&#8220;||||false|false&#8220; hover_enabled=&#8220;0&#8243; border_radii=&#8220;on|15px|15px|15px|15px&#8220; box_shadow_style=&#8220;preset3&#8243; sticky_enabled=&#8220;0&#8243;][et_pb_column type=&#8220;1_3&#8243; _builder_version=&#8220;4.6.5&#8243; _module_preset=&#8220;default&#8220;][et_pb_text _builder_version=&#8220;4.6.5&#8243; _module_preset=&#8220;default&#8220;]<\/p>\n<h2 style=\"text-align: center;\">Schweiz<\/h2>\n<p>[\/et_pb_text][et_pb_image src=&#8220;https:\/\/gemini.systems\/de\/wp-content\/uploads\/2018\/09\/Piet-300&#215;240.png&#8220; title_text=&#8220;Piet&#8220; _builder_version=&#8220;4.6.5&#8243; _module_preset=&#8220;default&#8220;][\/et_pb_image][\/et_pb_column][et_pb_column type=&#8220;2_3&#8243; _builder_version=&#8220;4.6.5&#8243; _module_preset=&#8220;default&#8220;][et_pb_image src=&#8220;https:\/\/gemini.systems\/de\/wp-content\/uploads\/2020\/06\/pbc-logo.png&#8220; title_text=&#8220;Pbc Logo&#8220; _builder_version=&#8220;4.6.5&#8243; _module_preset=&#8220;default&#8220;][\/et_pb_image][et_pb_text _builder_version=&#8220;4.6.5&#8243; _module_preset=&#8220;default&#8220;]<\/p>\n<p><strong>piet b\u00e4chler consulting<br \/> <\/strong><strong>Hanspeter Piet B\u00e4chler<\/strong>\u00a0lic.oec.publ.<br \/> St.-Oswalds-Gasse 1<br \/> CH-6300 Zug<\/p>\n<p>Tel. +41 79\u00a0693 17 21<br \/> <a href=\"mailto:pbczug@bluewin.ch\">piet@pbczug.ch<br \/> <\/a><a href=\"http:\/\/www.pbczug.ch\/\" target=\"_blank\" rel=\"noopener noreferrer\">www.pbczug.ch<\/a><\/p>\n<p><em>\u00a0<\/em><\/p>\n<p>[\/et_pb_text][\/et_pb_column][\/et_pb_row][\/et_pb_section]<\/p>\n","protected":false},"excerpt":{"rendered":"<p>KontaktWas uns auszeichnet ist ein unkomplizierter freundlicher Umgang, schnelle und individuelle L\u00f6sungen und gute Beratung sind unsere St\u00e4rke. Allgemein +49 (0) 208\/30 67 84 93contact@gemini.systems Gemini Systems GmbHHauptstra\u00dfe 44-4653804 MuchDeutschland Presse presse@gemini.systems Technischer Support Anleitungen und Dokumentation Das Online Helpdesk (Ticketsystem) E-mail:\u00a0support@gemini.systems Unsere lokalen Ansprech- und Vertriebspartner in EuropaUnser Schwerpunkt liegt in Deutschland, Schweiz, \u00d6sterreich, [&hellip;]<\/p>\n","protected":false},"author":1,"featured_media":0,"parent":1179,"menu_order":0,"comment_status":"closed","ping_status":"closed","template":"","meta":{"_et_pb_use_builder":"on","_et_pb_old_content":"","_et_gb_content_width":"","footnotes":""},"class_list":["post-881","page","type-page","status-publish","hentry"],"yoast_head":"<!-- This site is optimized with the Yoast SEO plugin v27.4 - https:\/\/yoast.com\/product\/yoast-seo-wordpress\/ -->\n<title>Kontakt - Gemini Systems GmbH<\/title>\n<meta name=\"robots\" content=\"index, follow, max-snippet:-1, max-image-preview:large, max-video-preview:-1\" \/>\n<link rel=\"canonical\" href=\"https:\/\/gemini.systems\/nl\/over-ons\/contact-opnemen-met\/\" \/>\n<meta property=\"og:locale\" content=\"nl_NL\" \/>\n<meta property=\"og:type\" content=\"article\" \/>\n<meta property=\"og:title\" content=\"Kontakt - Gemini Systems GmbH\" \/>\n<meta property=\"og:description\" content=\"KontaktWas uns auszeichnet ist ein unkomplizierter freundlicher Umgang, schnelle und individuelle L\u00f6sungen und gute Beratung sind unsere St\u00e4rke. Allgemein +49 (0) 208\/30 67 84 93contact@gemini.systems Gemini Systems GmbHHauptstra\u00dfe 44-4653804 MuchDeutschland Presse presse@gemini.systems Technischer Support Anleitungen und Dokumentation Das Online Helpdesk (Ticketsystem) E-mail:\u00a0support@gemini.systems Unsere lokalen Ansprech- und Vertriebspartner in EuropaUnser Schwerpunkt liegt in Deutschland, Schweiz, \u00d6sterreich, [&hellip;]\" \/>\n<meta property=\"og:url\" content=\"https:\/\/gemini.systems\/nl\/over-ons\/contact-opnemen-met\/\" \/>\n<meta property=\"og:site_name\" content=\"Gemini Systems GmbH\" \/>\n<meta property=\"article:modified_time\" content=\"2020-09-30T20:36:47+00:00\" \/>\n<meta name=\"twitter:card\" content=\"summary_large_image\" \/>\n<meta name=\"twitter:label1\" content=\"Geschatte leestijd\" \/>\n\t<meta name=\"twitter:data1\" content=\"6 minuten\" \/>\n<script type=\"application\/ld+json\" class=\"yoast-schema-graph\">{\"@context\":\"https:\\\/\\\/schema.org\",\"@graph\":[{\"@type\":\"WebPage\",\"@id\":\"https:\\\/\\\/gemini.systems\\\/ueber-uns\\\/kontakt\\\/\",\"url\":\"https:\\\/\\\/gemini.systems\\\/ueber-uns\\\/kontakt\\\/\",\"name\":\"Kontakt - Gemini Systems GmbH\",\"isPartOf\":{\"@id\":\"https:\\\/\\\/gemini.systems\\\/nl\\\/#website\"},\"datePublished\":\"2018-09-30T09:31:27+00:00\",\"dateModified\":\"2020-09-30T20:36:47+00:00\",\"breadcrumb\":{\"@id\":\"https:\\\/\\\/gemini.systems\\\/ueber-uns\\\/kontakt\\\/#breadcrumb\"},\"inLanguage\":\"nl-NL\",\"potentialAction\":[{\"@type\":\"ReadAction\",\"target\":[\"https:\\\/\\\/gemini.systems\\\/ueber-uns\\\/kontakt\\\/\"]}]},{\"@type\":\"BreadcrumbList\",\"@id\":\"https:\\\/\\\/gemini.systems\\\/ueber-uns\\\/kontakt\\\/#breadcrumb\",\"itemListElement\":[{\"@type\":\"ListItem\",\"position\":1,\"name\":\"Startseite\",\"item\":\"https:\\\/\\\/gemini.systems\\\/\"},{\"@type\":\"ListItem\",\"position\":2,\"name\":\"\u00dcber Uns\",\"item\":\"https:\\\/\\\/gemini.systems\\\/en\\\/about-us\\\/\"},{\"@type\":\"ListItem\",\"position\":3,\"name\":\"Kontakt\"}]},{\"@type\":\"WebSite\",\"@id\":\"https:\\\/\\\/gemini.systems\\\/nl\\\/#website\",\"url\":\"https:\\\/\\\/gemini.systems\\\/nl\\\/\",\"name\":\"Gemini Systems GmbH\",\"description\":\"Drucker Leasing mit Abrechnung nach Druckvolumen\",\"publisher\":{\"@id\":\"https:\\\/\\\/gemini.systems\\\/nl\\\/#organization\"},\"potentialAction\":[{\"@type\":\"SearchAction\",\"target\":{\"@type\":\"EntryPoint\",\"urlTemplate\":\"https:\\\/\\\/gemini.systems\\\/nl\\\/?s={search_term_string}\"},\"query-input\":{\"@type\":\"PropertyValueSpecification\",\"valueRequired\":true,\"valueName\":\"search_term_string\"}}],\"inLanguage\":\"nl-NL\"},{\"@type\":\"Organization\",\"@id\":\"https:\\\/\\\/gemini.systems\\\/nl\\\/#organization\",\"name\":\"Gemini Systems GmbH\",\"url\":\"https:\\\/\\\/gemini.systems\\\/nl\\\/\",\"logo\":{\"@type\":\"ImageObject\",\"inLanguage\":\"nl-NL\",\"@id\":\"https:\\\/\\\/gemini.systems\\\/nl\\\/#\\\/schema\\\/logo\\\/image\\\/\",\"url\":\"https:\\\/\\\/gemini.systems\\\/de\\\/wp-content\\\/uploads\\\/2018\\\/09\\\/Gemini-Systems-icon.png\",\"contentUrl\":\"https:\\\/\\\/gemini.systems\\\/de\\\/wp-content\\\/uploads\\\/2018\\\/09\\\/Gemini-Systems-icon.png\",\"width\":180,\"height\":180,\"caption\":\"Gemini Systems GmbH\"},\"image\":{\"@id\":\"https:\\\/\\\/gemini.systems\\\/nl\\\/#\\\/schema\\\/logo\\\/image\\\/\"},\"sameAs\":[\"http:\\\/\\\/instagram.com\\\/gemini.systems\"]}]}<\/script>\n<!-- \/ Yoast SEO plugin. -->","yoast_head_json":{"title":"Contact - Gemini Systems GmbH","robots":{"index":"index","follow":"follow","max-snippet":"max-snippet:-1","max-image-preview":"max-image-preview:large","max-video-preview":"max-video-preview:-1"},"canonical":"https:\/\/gemini.systems\/nl\/over-ons\/contact-opnemen-met\/","og_locale":"nl_NL","og_type":"article","og_title":"Kontakt - Gemini Systems GmbH","og_description":"KontaktWas uns auszeichnet ist ein unkomplizierter freundlicher Umgang, schnelle und individuelle L\u00f6sungen und gute Beratung sind unsere St\u00e4rke. Allgemein +49 (0) 208\/30 67 84 93contact@gemini.systems Gemini Systems GmbHHauptstra\u00dfe 44-4653804 MuchDeutschland Presse presse@gemini.systems Technischer Support Anleitungen und Dokumentation Das Online Helpdesk (Ticketsystem) E-mail:\u00a0support@gemini.systems Unsere lokalen Ansprech- und Vertriebspartner in EuropaUnser Schwerpunkt liegt in Deutschland, Schweiz, \u00d6sterreich, [&hellip;]","og_url":"https:\/\/gemini.systems\/nl\/over-ons\/contact-opnemen-met\/","og_site_name":"Gemini Systems GmbH","article_modified_time":"2020-09-30T20:36:47+00:00","twitter_card":"summary_large_image","twitter_misc":{"Geschatte leestijd":"6 minuten"},"schema":{"@context":"https:\/\/schema.org","@graph":[{"@type":"WebPage","@id":"https:\/\/gemini.systems\/ueber-uns\/kontakt\/","url":"https:\/\/gemini.systems\/ueber-uns\/kontakt\/","name":"Contact - Gemini Systems GmbH","isPartOf":{"@id":"https:\/\/gemini.systems\/nl\/#website"},"datePublished":"2018-09-30T09:31:27+00:00","dateModified":"2020-09-30T20:36:47+00:00","breadcrumb":{"@id":"https:\/\/gemini.systems\/ueber-uns\/kontakt\/#breadcrumb"},"inLanguage":"nl-NL","potentialAction":[{"@type":"ReadAction","target":["https:\/\/gemini.systems\/ueber-uns\/kontakt\/"]}]},{"@type":"BreadcrumbList","@id":"https:\/\/gemini.systems\/ueber-uns\/kontakt\/#breadcrumb","itemListElement":[{"@type":"ListItem","position":1,"name":"Startseite","item":"https:\/\/gemini.systems\/"},{"@type":"ListItem","position":2,"name":"\u00dcber Uns","item":"https:\/\/gemini.systems\/en\/about-us\/"},{"@type":"ListItem","position":3,"name":"Kontakt"}]},{"@type":"WebSite","@id":"https:\/\/gemini.systems\/nl\/#website","url":"https:\/\/gemini.systems\/nl\/","name":"Gemini Systems GmbH","description":"Printerleasing met facturering volgens afdrukvolume","publisher":{"@id":"https:\/\/gemini.systems\/nl\/#organization"},"potentialAction":[{"@type":"SearchAction","target":{"@type":"EntryPoint","urlTemplate":"https:\/\/gemini.systems\/nl\/?s={search_term_string}"},"query-input":{"@type":"PropertyValueSpecification","valueRequired":true,"valueName":"search_term_string"}}],"inLanguage":"nl-NL"},{"@type":"Organization","@id":"https:\/\/gemini.systems\/nl\/#organization","name":"Gemini Systems GmbH","url":"https:\/\/gemini.systems\/nl\/","logo":{"@type":"ImageObject","inLanguage":"nl-NL","@id":"https:\/\/gemini.systems\/nl\/#\/schema\/logo\/image\/","url":"https:\/\/gemini.systems\/de\/wp-content\/uploads\/2018\/09\/Gemini-Systems-icon.png","contentUrl":"https:\/\/gemini.systems\/de\/wp-content\/uploads\/2018\/09\/Gemini-Systems-icon.png","width":180,"height":180,"caption":"Gemini Systems GmbH"},"image":{"@id":"https:\/\/gemini.systems\/nl\/#\/schema\/logo\/image\/"},"sameAs":["http:\/\/instagram.com\/gemini.systems"]}]}},"_links":{"self":[{"href":"https:\/\/gemini.systems\/nl\/wp-json\/wp\/v2\/pages\/881","targetHints":{"allow":["GET"]}}],"collection":[{"href":"https:\/\/gemini.systems\/nl\/wp-json\/wp\/v2\/pages"}],"about":[{"href":"https:\/\/gemini.systems\/nl\/wp-json\/wp\/v2\/types\/page"}],"author":[{"embeddable":true,"href":"https:\/\/gemini.systems\/nl\/wp-json\/wp\/v2\/users\/1"}],"replies":[{"embeddable":true,"href":"https:\/\/gemini.systems\/nl\/wp-json\/wp\/v2\/comments?post=881"}],"version-history":[{"count":0,"href":"https:\/\/gemini.systems\/nl\/wp-json\/wp\/v2\/pages\/881\/revisions"}],"up":[{"embeddable":true,"href":"https:\/\/gemini.systems\/nl\/wp-json\/wp\/v2\/pages\/1179"}],"wp:attachment":[{"href":"https:\/\/gemini.systems\/nl\/wp-json\/wp\/v2\/media?parent=881"}],"curies":[{"name":"wp","href":"https:\/\/api.w.org\/{rel}","templated":true}]}}