{"id":3830,"date":"2022-02-12T18:21:41","date_gmt":"2022-02-12T17:21:41","guid":{"rendered":"https:\/\/staging.gemini.systems\/?page_id=3830"},"modified":"2022-02-17T18:18:39","modified_gmt":"2022-02-17T17:18:39","slug":"featurelijst","status":"publish","type":"page","link":"https:\/\/gemini.systems\/nl\/saturn\/featurelist\/","title":{"rendered":"featurelijst"},"content":{"rendered":"<p>[et_pb_section fb_built=&#8220;1&#8243; next_background_color=&#8220;#ffffff&#8220; _builder_version=&#8220;4.14.7&#8243; _module_preset=&#8220;default&#8220; background_enable_color=&#8220;off&#8220; use_background_color_gradient=&#8220;on&#8220; background_color_gradient_start=&#8220;rgba(138,62,214,0.84)&#8220; background_color_gradient_end=&#8220;rgba(0,211,226,0.85)&#8220; background_color_gradient_overlays_image=&#8220;on&#8220; background_image=&#8220;https:\/\/gemini.systems\/de\/wp-content\/uploads\/2022\/01\/background-300&#215;200.jpg&#8220; min_height=&#8220;254px&#8220; custom_margin=&#8220;||0px||false|false&#8220; bottom_divider_style=&#8220;wave&#8220; bottom_divider_height=&#8220;111px&#8220; bottom_divider_flip=&#8220;vertical&#8220; global_colors_info=&#8220;{}&#8220;][et_pb_row column_structure=&#8220;1_4,1_2,1_4&#8243; admin_label=&#8220;If URL parameter exists&#8220; _builder_version=&#8220;4.14.7&#8243; _module_preset=&#8220;default&#8220; display_conditions=&#8220;W10=&#8220; custom_margin=&#8220;1px||||false|false&#8220; global_colors_info=&#8220;{}&#8220;][et_pb_column type=&#8220;1_4&#8243; _builder_version=&#8220;4.6.1&#8243; _module_preset=&#8220;default&#8220; global_colors_info=&#8220;{}&#8220;][\/et_pb_column][et_pb_column type=&#8220;1_2&#8243; _builder_version=&#8220;4.6.1&#8243; _module_preset=&#8220;default&#8220; global_colors_info=&#8220;{}&#8220;][et_pb_text admin_label=&#8220;\u00dcberschrift&#8220; _builder_version=&#8220;4.14.7&#8243; _module_preset=&#8220;default&#8220; text_font=&#8220;Nunito||||||||&#8220; header_font=&#8220;Montserrat|600|||||||&#8220; header_text_color=&#8220;#ffffff&#8220; header_font_size=&#8220;50px&#8220; header_line_height=&#8220;1.2em&#8220; display_conditions=&#8220;W10=&#8220; custom_margin=&#8220;||||false|false&#8220; custom_margin_tablet=&#8220;-15px||||false|false&#8220; custom_margin_phone=&#8220;-2px||||false|false&#8220; custom_margin_last_edited=&#8220;on|phone&#8220; animation_style=&#8220;slide&#8220; animation_direction=&#8220;bottom&#8220; header_font_last_edited=&#8220;off|desktop&#8220; header_font_size_tablet=&#8220;51px&#8220; header_font_size_phone=&#8220;30px&#8220; header_font_size_last_edited=&#8220;on|phone&#8220; header_line_height_tablet=&#8220;&#8220; header_line_height_phone=&#8220;1.2em&#8220; header_line_height_last_edited=&#8220;on|phone&#8220; locked=&#8220;off&#8220; global_colors_info=&#8220;{}&#8220;]<\/p>\n<h1 style=\"text-align: center;\"><span style=\"font-size: xx-large;\">Saturn Featurelist<\/span><\/h1>\n<p>&nbsp;<\/p>\n<p>[\/et_pb_text][\/et_pb_column][et_pb_column type=&#8220;1_4&#8243; _builder_version=&#8220;4.6.1&#8243; _module_preset=&#8220;default&#8220; global_colors_info=&#8220;{}&#8220;][\/et_pb_column][\/et_pb_row][\/et_pb_section][et_pb_section fb_built=&#8220;1&#8243; _builder_version=&#8220;4.14.7&#8243; _module_preset=&#8220;default&#8220; global_colors_info=&#8220;{}&#8220;][et_pb_row _builder_version=&#8220;4.14.7&#8243; _module_preset=&#8220;default&#8220; global_colors_info=&#8220;{}&#8220;][et_pb_column type=&#8220;4_4&#8243; _builder_version=&#8220;4.14.7&#8243; _module_preset=&#8220;default&#8220; global_colors_info=&#8220;{}&#8220;][et_pb_text _builder_version=&#8220;4.14.7&#8243; _module_preset=&#8220;default&#8220; hover_enabled=&#8220;0&#8243; global_colors_info=&#8220;{}&#8220; custom_css_before=&#8220;content:%22%22;||border-bottom:5px solid #7ebec5;||padding:20px 10px;||position:absolute;||top: -25px;||left: -50px;&#8220; sticky_enabled=&#8220;0&#8243;]<\/p>\n<h2>Unterst\u00fctzte Dateiformate<\/h2>\n<p>[\/et_pb_text][et_pb_text _builder_version=&#8220;4.14.7&#8243; _module_preset=&#8220;default&#8220; hover_enabled=&#8220;0&#8243; global_colors_info=&#8220;{}&#8220; sticky_enabled=&#8220;0&#8243;]<\/p>\n<p><strong>Tiff, Tif, Jpeg, jpg, PDF<\/strong> bevorzugt RGB mit 8 oder 16 Bit Farbtiefe pro Kanal<\/p>\n<p>[\/et_pb_text][\/et_pb_column][\/et_pb_row][et_pb_row _builder_version=&#8220;4.14.7&#8243; _module_preset=&#8220;default&#8220; global_colors_info=&#8220;{}&#8220;][et_pb_column type=&#8220;4_4&#8243; _builder_version=&#8220;4.14.7&#8243; _module_preset=&#8220;default&#8220; global_colors_info=&#8220;{}&#8220;][et_pb_text _builder_version=&#8220;4.14.7&#8243; _module_preset=&#8220;default&#8220; global_colors_info=&#8220;{}&#8220; custom_css_before=&#8220;content:%22%22;||border-bottom:5px solid #7ebec5;||padding:20px 10px;||position:absolute;||top: -25px;||left: -50px;&#8220;]<\/p>\n<h2>Systemvoraussetzungen<\/h2>\n<p>[\/et_pb_text][et_pb_text _builder_version=&#8220;4.14.7&#8243; _module_preset=&#8220;default&#8220; hover_enabled=&#8220;0&#8243; global_colors_info=&#8220;{}&#8220; sticky_enabled=&#8220;0&#8243;]<\/p>\n<p><strong>Mac OS Intel oder ARM (M1)<\/strong> ab El Capitan und h\u00f6her<\/p>\n<p><strong>Microsoft Windows<\/strong> (Intel) Windows 10 und h\u00f6her<\/p>\n<p>Zum Drucken ist ein beliebiger IPP \/ Bonjour kompatibler Drucker im lokalen Netzwerk (LAN) (verkabelt \/ WLAN) erforderlich<\/p>\n<p>Internetverbindungerforderlich<\/p>\n<p>[\/et_pb_text][et_pb_code admin_label=&#8220;Back Button&#8220; _builder_version=&#8220;4.14.7&#8243; _module_preset=&#8220;default&#8220; global_colors_info=&#8220;{}&#8220;]<input type=\"button\" value=\"zur\u00fcck\" class=\"et_pb_button et_pb_button_1 et_pb_bg_layout_light\" onclick=\"history.back(-1)\" \/>[\/et_pb_code][\/et_pb_column][\/et_pb_row][et_pb_row _builder_version=&#8220;4.14.7&#8243; _module_preset=&#8220;default&#8220; global_colors_info=&#8220;{}&#8220;][et_pb_column type=&#8220;4_4&#8243; _builder_version=&#8220;4.14.7&#8243; _module_preset=&#8220;default&#8220; global_colors_info=&#8220;{}&#8220;][et_pb_text _builder_version=&#8220;4.14.7&#8243; _module_preset=&#8220;default&#8220; global_colors_info=&#8220;{}&#8220; custom_css_before=&#8220;content:%22%22;||border-bottom:5px solid #7ebec5;||padding:20px 10px;||position:absolute;||top: -25px;||left: -50px;&#8220;]<\/p>\n<h2>Allgemein<\/h2>\n<p>[\/et_pb_text][et_pb_text _builder_version=&#8220;4.14.7&#8243; _module_preset=&#8220;default&#8220; global_colors_info=&#8220;{}&#8220;]<\/p>\n<p>Unabh\u00e4ngig von der Druckermarke (siehe Voraussetzungen)<\/p>\n<p>Druck auf <strong>Blatt<\/strong> oder <strong>Rolle<br \/><\/strong><\/p>\n<p>Farbmanaged Bildvorschau (profilierter oder kalibrierte Monitor, sonst sRGB)<\/p>\n<p>Druckvorschau (Bildposition auf Blatt oder Rolle)<\/p>\n<p>Anzeige des aktiven Farbprofils des Bildschirms in der Programmtitelzeile und dessen Erstellungsdatum, aktuelle Farbtemperatur des Monitors<\/p>\n<p>Ausdruck von Targets zum Messen von Farbprofilen mit einem Klick<\/p>\n<p>Farbprofil Messservice verf\u00fcgbar: Target einsenden, Farbprofil wird erstellt (\u20ac)<\/p>\n<p>Download von Druckereinstellungen und ICC-Profilen aus der Cloud mit 1-Klick-Installation<\/p>\n<p>Bildauswahl per Drag &amp; Drop oder aus <strong>internem Filebrowser<\/strong><\/p>\n<p>Schnittmarken<\/p>\n<p><strong>Nesting<\/strong> (Anordnung oben, rechts, links, unten, Mitte, reihenbasiert, Abstand, Schnittmarken)<\/p>\n<p>Unterst\u00fctzt metric (Gr\u00f6\u00dfen in Millimetern) und imperial (Gr\u00f6\u00dfen in inch)<\/p>\n<p>Sprachen f\u00fcr die \u00a0Programmoberfl\u00e4che : Englisch, Deutsch, Niederl\u00e4ndisch, Franz\u00f6sisch<\/p>\n<p>Bei IPP Multifunktionsger\u00e4ten wird nur das Drucken unterst\u00fctzt, etwaige Extras wie zum Beispiel das Scannen von Vorlagen wird nicht unterst\u00fctzt<\/p>\n<p>&nbsp;<\/p>\n<p>[\/et_pb_text][et_pb_code admin_label=&#8220;Back Button&#8220; _builder_version=&#8220;4.14.7&#8243; _module_preset=&#8220;default&#8220; locked=&#8220;off&#8220; global_colors_info=&#8220;{}&#8220;]<input type=\"button\" value=\"zur\u00fcck\" class=\"et_pb_button et_pb_button_1 et_pb_bg_layout_light\" onclick=\"history.back(-1)\" \/>[\/et_pb_code][\/et_pb_column][\/et_pb_row][et_pb_row _builder_version=&#8220;4.14.7&#8243; _module_preset=&#8220;default&#8220; global_colors_info=&#8220;{}&#8220;][et_pb_column type=&#8220;4_4&#8243; _builder_version=&#8220;4.14.7&#8243; _module_preset=&#8220;default&#8220; global_colors_info=&#8220;{}&#8220;][et_pb_text _builder_version=&#8220;4.14.7&#8243; _module_preset=&#8220;default&#8220; global_colors_info=&#8220;{}&#8220; custom_css_before=&#8220;content:%22%22;||border-bottom:5px solid #7ebec5;||padding:20px 10px;||position:absolute;||top: -25px;||left: -50px;&#8220;]<\/p>\n<h2>Free Layout<\/h2>\n<p>In Free Layout kannst du alles drucken, was auf das Blatt oder Rolle passt. Weder Gr\u00f6\u00dfe noch Seitenverh\u00e4ltnis sind vorgegeben, es gibt keine Limitation.<\/p>\n<p>[\/et_pb_text][et_pb_text _builder_version=&#8220;4.14.7&#8243; _module_preset=&#8220;default&#8220; global_colors_info=&#8220;{}&#8220;]<\/p>\n<p>Bildgr\u00f6\u00dfe ver\u00e4ndern\u00a0<\/p>\n<p>Bild drehen<\/p>\n<p>Ausschnitt w\u00e4hlen<\/p>\n<p>Rand hinzuf\u00fcgen (wei\u00dfer Rand, farbiger Rand, Randspiegelung, Gr\u00f6\u00dfe des Randes definieren)<\/p>\n<p>Anzeige der Druckausgabegr\u00f6\u00dfe<\/p>\n<p>Schwarzpunktkompensation einstellen<\/p>\n<p>[\/et_pb_text][et_pb_code admin_label=&#8220;Back Button&#8220; _builder_version=&#8220;4.14.7&#8243; _module_preset=&#8220;default&#8220; locked=&#8220;off&#8220; global_colors_info=&#8220;{}&#8220;]<input type=\"button\" value=\"zur\u00fcck\" class=\"et_pb_button et_pb_button_1 et_pb_bg_layout_light\" onclick=\"history.back(-1)\" \/>[\/et_pb_code][\/et_pb_column][\/et_pb_row][et_pb_row _builder_version=&#8220;4.14.7&#8243; _module_preset=&#8220;default&#8220; global_colors_info=&#8220;{}&#8220;][et_pb_column type=&#8220;4_4&#8243; _builder_version=&#8220;4.14.7&#8243; _module_preset=&#8220;default&#8220; global_colors_info=&#8220;{}&#8220;][et_pb_text _builder_version=&#8220;4.14.7&#8243; _module_preset=&#8220;default&#8220; global_colors_info=&#8220;{}&#8220; custom_css_before=&#8220;content:%22%22;||border-bottom:5px solid #7ebec5;||padding:20px 10px;||position:absolute;||top: -25px;||left: -50px;&#8220;]<\/p>\n<h2>Schablone<\/h2>\n<p>Die Schablone ist ein mitgeliefertes oder von dir gespeicherte Drucklayout mit definierten Platzhaltern f\u00fcr ein oder verschiedene Bilder in definierter Gr\u00f6\u00dfe. Sehr praktisch, wenn du bestimmte Layouts immer wieder ben\u00f6tigst. Bilder in die Platzhalter ziehen und fertig.<\/p>\n<p>[\/et_pb_text][et_pb_text _builder_version=&#8220;4.14.7&#8243; _module_preset=&#8220;default&#8220; global_colors_info=&#8220;{}&#8220;]<\/p>\n<p>Vorgegebene oder selbst definierte Layouts verwenden<\/p>\n<p>Zellenmodi: F\u00fcllen, Einpassen, Hilfslinien anzeigen<\/p>\n<p>Schnittmarken, Randlinien f\u00fcr Zellen<\/p>\n<p>Informationstext unterhalb von Zellen ausdrucken (Dateiname, Datum, benutzerdefinierter Text)<\/p>\n<p>Randlos drucken<\/p>\n<p>Bild drehen (Autodrehung, in 90 Grad Schritten oder frei)<\/p>\n<p>Rand hinzuf\u00fcgen (wei\u00dfer Rand, farbiger Rand, Randspiegelung, Gr\u00f6\u00dfe des Randes definieren)<\/p>\n<p>Schwarzpunktkompensation einstellen<\/p>\n<p>Bildauswahl per Drag &amp; Drop oder aus internem Filebrowser<\/p>\n<p>\u00c4ndern und Anlegen eigener Schablonen jeder Gr\u00f6\u00dfe im Schabloneneditor<\/p>\n<p>&nbsp;<\/p>\n<p>[\/et_pb_text][et_pb_code admin_label=&#8220;Back Button&#8220; _builder_version=&#8220;4.14.7&#8243; _module_preset=&#8220;default&#8220; locked=&#8220;off&#8220; global_colors_info=&#8220;{}&#8220;]<input type=\"button\" value=\"zur\u00fcck\" class=\"et_pb_button et_pb_button_1 et_pb_bg_layout_light\" onclick=\"history.back(-1)\" \/>[\/et_pb_code][\/et_pb_column][\/et_pb_row][et_pb_row _builder_version=&#8220;4.14.7&#8243; _module_preset=&#8220;default&#8220; global_colors_info=&#8220;{}&#8220;][et_pb_column type=&#8220;4_4&#8243; _builder_version=&#8220;4.14.7&#8243; _module_preset=&#8220;default&#8220; global_colors_info=&#8220;{}&#8220;][et_pb_text _builder_version=&#8220;4.14.7&#8243; _module_preset=&#8220;default&#8220; global_colors_info=&#8220;{}&#8220; custom_css_before=&#8220;content:%22%22;||border-bottom:5px solid #7ebec5;||padding:20px 10px;||position:absolute;||top: -25px;||left: -50px;&#8220;]<\/p>\n<h2>Lizenzen \/ Services<\/h2>\n<p>[\/et_pb_text][et_pb_text _builder_version=&#8220;4.14.7&#8243; _module_preset=&#8220;default&#8220; global_colors_info=&#8220;{}&#8220;]<\/p>\n<p>14 Tage voller Funktionsumfang ohne Zahlung pro Drucker zum Testen<\/p>\n<p>Softwarelizenzen mit monatlicher, viertelj\u00e4hrlicher und j\u00e4hrlicher Zahlung ab 5\u20ac imMonat<\/p>\n<p>E-Mail-, TeamViewer-, Telefonsupport je nach Lizenz<\/p>\n<p>Lizenz versteht sich immer pro Drucker<\/p>\n<p>Beliebig viele Installationen, du kannst Saturn auf beliebig vielen Rechnern installieren (Windows oder Mac)<\/p>\n<p>Profilmessservice &#8211; wir messen ICC-Profile f\u00fcr deine Drucker\/Papierkombination (23 \u20ac pro ICC-Profil) Ausdruck und Zahlung aus der App mit wenigen Klicks<\/p>\n<p>Saturn Lizenzen mit Leasingger\u00e4t (Drucker) \u00a0und kostenloser Tinten- und Papierlieferung mit Abrechnung nach Ausdrucken m\u00f6glich<\/p>\n<p>[\/et_pb_text][et_pb_code admin_label=&#8220;Back Button&#8220; _builder_version=&#8220;4.14.7&#8243; _module_preset=&#8220;default&#8220; locked=&#8220;off&#8220; global_colors_info=&#8220;{}&#8220;]<input type=\"button\" value=\"zur\u00fcck\" class=\"et_pb_button et_pb_button_1 et_pb_bg_layout_light\" onclick=\"history.back(-1)\" \/>[\/et_pb_code][\/et_pb_column][\/et_pb_row][\/et_pb_section]<\/p>\n","protected":false},"excerpt":{"rendered":"<p>Saturn Featurelist &nbsp;Unterst\u00fctzte DateiformateTiff, Tif, Jpeg, jpg, PDF bevorzugt RGB mit 8 oder 16 Bit Farbtiefe pro KanalSystemvoraussetzungenMac OS Intel oder ARM (M1) ab El Capitan und h\u00f6her Microsoft Windows (Intel) Windows 10 und h\u00f6her Zum Drucken ist ein beliebiger IPP \/ Bonjour kompatibler Drucker im lokalen Netzwerk (LAN) (verkabelt \/ WLAN) erforderlich InternetverbindungerforderlichAllgemeinUnabh\u00e4ngig von [&hellip;]<\/p>\n","protected":false},"author":1,"featured_media":0,"parent":2911,"menu_order":99,"comment_status":"closed","ping_status":"closed","template":"","meta":{"_et_pb_use_builder":"on","_et_pb_old_content":"","_et_gb_content_width":"","footnotes":""},"class_list":["post-3830","page","type-page","status-publish","hentry"],"yoast_head":"<!-- This site is optimized with the Yoast SEO plugin v27.4 - https:\/\/yoast.com\/product\/yoast-seo-wordpress\/ -->\n<title>featurelist - Gemini Systems GmbH<\/title>\n<meta name=\"robots\" content=\"index, follow, max-snippet:-1, max-image-preview:large, max-video-preview:-1\" \/>\n<link rel=\"canonical\" href=\"https:\/\/gemini.systems\/nl\/saturnus\/featurelijst\/\" \/>\n<meta property=\"og:locale\" content=\"nl_NL\" \/>\n<meta property=\"og:type\" content=\"article\" \/>\n<meta property=\"og:title\" content=\"featurelist - Gemini Systems GmbH\" \/>\n<meta property=\"og:description\" content=\"Saturn Featurelist &nbsp;Unterst\u00fctzte DateiformateTiff, Tif, Jpeg, jpg, PDF bevorzugt RGB mit 8 oder 16 Bit Farbtiefe pro KanalSystemvoraussetzungenMac OS Intel oder ARM (M1) ab El Capitan und h\u00f6her Microsoft Windows (Intel) Windows 10 und h\u00f6her Zum Drucken ist ein beliebiger IPP \/ Bonjour kompatibler Drucker im lokalen Netzwerk (LAN) (verkabelt \/ WLAN) erforderlich InternetverbindungerforderlichAllgemeinUnabh\u00e4ngig von [&hellip;]\" \/>\n<meta property=\"og:url\" content=\"https:\/\/gemini.systems\/nl\/saturnus\/featurelijst\/\" \/>\n<meta property=\"og:site_name\" content=\"Gemini Systems GmbH\" \/>\n<meta property=\"article:modified_time\" content=\"2022-02-17T17:18:39+00:00\" \/>\n<meta name=\"twitter:card\" content=\"summary_large_image\" \/>\n<meta name=\"twitter:label1\" content=\"Geschatte leestijd\" \/>\n\t<meta name=\"twitter:data1\" content=\"6 minuten\" \/>\n<script type=\"application\/ld+json\" class=\"yoast-schema-graph\">{\"@context\":\"https:\\\/\\\/schema.org\",\"@graph\":[{\"@type\":\"WebPage\",\"@id\":\"https:\\\/\\\/gemini.systems\\\/saturn\\\/featurelist\\\/\",\"url\":\"https:\\\/\\\/gemini.systems\\\/saturn\\\/featurelist\\\/\",\"name\":\"featurelist - Gemini Systems GmbH\",\"isPartOf\":{\"@id\":\"https:\\\/\\\/gemini.systems\\\/nl\\\/#website\"},\"datePublished\":\"2022-02-12T17:21:41+00:00\",\"dateModified\":\"2022-02-17T17:18:39+00:00\",\"breadcrumb\":{\"@id\":\"https:\\\/\\\/gemini.systems\\\/saturn\\\/featurelist\\\/#breadcrumb\"},\"inLanguage\":\"nl-NL\",\"potentialAction\":[{\"@type\":\"ReadAction\",\"target\":[\"https:\\\/\\\/gemini.systems\\\/saturn\\\/featurelist\\\/\"]}]},{\"@type\":\"BreadcrumbList\",\"@id\":\"https:\\\/\\\/gemini.systems\\\/saturn\\\/featurelist\\\/#breadcrumb\",\"itemListElement\":[{\"@type\":\"ListItem\",\"position\":1,\"name\":\"Startseite\",\"item\":\"https:\\\/\\\/gemini.systems\\\/\"},{\"@type\":\"ListItem\",\"position\":2,\"name\":\"Saturn Druck-Software f\u00fcr jeden Drucker\",\"item\":\"https:\\\/\\\/gemini.systems\\\/saturn\\\/\"},{\"@type\":\"ListItem\",\"position\":3,\"name\":\"featurelist\"}]},{\"@type\":\"WebSite\",\"@id\":\"https:\\\/\\\/gemini.systems\\\/nl\\\/#website\",\"url\":\"https:\\\/\\\/gemini.systems\\\/nl\\\/\",\"name\":\"Gemini Systems GmbH\",\"description\":\"Drucker Leasing mit Abrechnung nach Druckvolumen\",\"publisher\":{\"@id\":\"https:\\\/\\\/gemini.systems\\\/nl\\\/#organization\"},\"potentialAction\":[{\"@type\":\"SearchAction\",\"target\":{\"@type\":\"EntryPoint\",\"urlTemplate\":\"https:\\\/\\\/gemini.systems\\\/nl\\\/?s={search_term_string}\"},\"query-input\":{\"@type\":\"PropertyValueSpecification\",\"valueRequired\":true,\"valueName\":\"search_term_string\"}}],\"inLanguage\":\"nl-NL\"},{\"@type\":\"Organization\",\"@id\":\"https:\\\/\\\/gemini.systems\\\/nl\\\/#organization\",\"name\":\"Gemini Systems GmbH\",\"url\":\"https:\\\/\\\/gemini.systems\\\/nl\\\/\",\"logo\":{\"@type\":\"ImageObject\",\"inLanguage\":\"nl-NL\",\"@id\":\"https:\\\/\\\/gemini.systems\\\/nl\\\/#\\\/schema\\\/logo\\\/image\\\/\",\"url\":\"https:\\\/\\\/gemini.systems\\\/de\\\/wp-content\\\/uploads\\\/2018\\\/09\\\/Gemini-Systems-icon.png\",\"contentUrl\":\"https:\\\/\\\/gemini.systems\\\/de\\\/wp-content\\\/uploads\\\/2018\\\/09\\\/Gemini-Systems-icon.png\",\"width\":180,\"height\":180,\"caption\":\"Gemini Systems GmbH\"},\"image\":{\"@id\":\"https:\\\/\\\/gemini.systems\\\/nl\\\/#\\\/schema\\\/logo\\\/image\\\/\"},\"sameAs\":[\"http:\\\/\\\/instagram.com\\\/gemini.systems\"]}]}<\/script>\n<!-- \/ Yoast SEO plugin. -->","yoast_head_json":{"title":"lijst met kenmerken - Gemini Systems GmbH","robots":{"index":"index","follow":"follow","max-snippet":"max-snippet:-1","max-image-preview":"max-image-preview:large","max-video-preview":"max-video-preview:-1"},"canonical":"https:\/\/gemini.systems\/nl\/saturnus\/featurelijst\/","og_locale":"nl_NL","og_type":"article","og_title":"featurelist - Gemini Systems GmbH","og_description":"Saturn Featurelist &nbsp;Unterst\u00fctzte DateiformateTiff, Tif, Jpeg, jpg, PDF bevorzugt RGB mit 8 oder 16 Bit Farbtiefe pro KanalSystemvoraussetzungenMac OS Intel oder ARM (M1) ab El Capitan und h\u00f6her Microsoft Windows (Intel) Windows 10 und h\u00f6her Zum Drucken ist ein beliebiger IPP \/ Bonjour kompatibler Drucker im lokalen Netzwerk (LAN) (verkabelt \/ WLAN) erforderlich InternetverbindungerforderlichAllgemeinUnabh\u00e4ngig von [&hellip;]","og_url":"https:\/\/gemini.systems\/nl\/saturnus\/featurelijst\/","og_site_name":"Gemini Systems GmbH","article_modified_time":"2022-02-17T17:18:39+00:00","twitter_card":"summary_large_image","twitter_misc":{"Geschatte leestijd":"6 minuten"},"schema":{"@context":"https:\/\/schema.org","@graph":[{"@type":"WebPage","@id":"https:\/\/gemini.systems\/saturn\/featurelist\/","url":"https:\/\/gemini.systems\/saturn\/featurelist\/","name":"lijst met kenmerken - Gemini Systems GmbH","isPartOf":{"@id":"https:\/\/gemini.systems\/nl\/#website"},"datePublished":"2022-02-12T17:21:41+00:00","dateModified":"2022-02-17T17:18:39+00:00","breadcrumb":{"@id":"https:\/\/gemini.systems\/saturn\/featurelist\/#breadcrumb"},"inLanguage":"nl-NL","potentialAction":[{"@type":"ReadAction","target":["https:\/\/gemini.systems\/saturn\/featurelist\/"]}]},{"@type":"BreadcrumbList","@id":"https:\/\/gemini.systems\/saturn\/featurelist\/#breadcrumb","itemListElement":[{"@type":"ListItem","position":1,"name":"Startseite","item":"https:\/\/gemini.systems\/"},{"@type":"ListItem","position":2,"name":"Saturn Druck-Software f\u00fcr jeden Drucker","item":"https:\/\/gemini.systems\/saturn\/"},{"@type":"ListItem","position":3,"name":"featurelist"}]},{"@type":"WebSite","@id":"https:\/\/gemini.systems\/nl\/#website","url":"https:\/\/gemini.systems\/nl\/","name":"Gemini Systems GmbH","description":"Printerleasing met facturering volgens afdrukvolume","publisher":{"@id":"https:\/\/gemini.systems\/nl\/#organization"},"potentialAction":[{"@type":"SearchAction","target":{"@type":"EntryPoint","urlTemplate":"https:\/\/gemini.systems\/nl\/?s={search_term_string}"},"query-input":{"@type":"PropertyValueSpecification","valueRequired":true,"valueName":"search_term_string"}}],"inLanguage":"nl-NL"},{"@type":"Organization","@id":"https:\/\/gemini.systems\/nl\/#organization","name":"Gemini Systems GmbH","url":"https:\/\/gemini.systems\/nl\/","logo":{"@type":"ImageObject","inLanguage":"nl-NL","@id":"https:\/\/gemini.systems\/nl\/#\/schema\/logo\/image\/","url":"https:\/\/gemini.systems\/de\/wp-content\/uploads\/2018\/09\/Gemini-Systems-icon.png","contentUrl":"https:\/\/gemini.systems\/de\/wp-content\/uploads\/2018\/09\/Gemini-Systems-icon.png","width":180,"height":180,"caption":"Gemini Systems GmbH"},"image":{"@id":"https:\/\/gemini.systems\/nl\/#\/schema\/logo\/image\/"},"sameAs":["http:\/\/instagram.com\/gemini.systems"]}]}},"_links":{"self":[{"href":"https:\/\/gemini.systems\/nl\/wp-json\/wp\/v2\/pages\/3830","targetHints":{"allow":["GET"]}}],"collection":[{"href":"https:\/\/gemini.systems\/nl\/wp-json\/wp\/v2\/pages"}],"about":[{"href":"https:\/\/gemini.systems\/nl\/wp-json\/wp\/v2\/types\/page"}],"author":[{"embeddable":true,"href":"https:\/\/gemini.systems\/nl\/wp-json\/wp\/v2\/users\/1"}],"replies":[{"embeddable":true,"href":"https:\/\/gemini.systems\/nl\/wp-json\/wp\/v2\/comments?post=3830"}],"version-history":[{"count":0,"href":"https:\/\/gemini.systems\/nl\/wp-json\/wp\/v2\/pages\/3830\/revisions"}],"up":[{"embeddable":true,"href":"https:\/\/gemini.systems\/nl\/wp-json\/wp\/v2\/pages\/2911"}],"wp:attachment":[{"href":"https:\/\/gemini.systems\/nl\/wp-json\/wp\/v2\/media?parent=3830"}],"curies":[{"name":"wp","href":"https:\/\/api.w.org\/{rel}","templated":true}]}}