{"id":877,"date":"2018-09-30T09:25:13","date_gmt":"2018-09-30T09:25:13","guid":{"rendered":"http:\/\/wp13120761.server-he.de\/www-gemini-systems-neu\/?page_id=877"},"modified":"2022-02-07T13:37:49","modified_gmt":"2022-02-07T12:37:49","slug":"support","status":"publish","type":"page","link":"https:\/\/gemini.systems\/fr\/support\/","title":{"rendered":"Support"},"content":{"rendered":"<p>[et_pb_section fb_built=&#8220;1&#8243; custom_padding_last_edited=&#8220;on|tablet&#8220; admin_label=&#8220;Hero&#8220; _builder_version=&#8220;4.14.7&#8243; use_background_color_gradient=&#8220;on&#8220; background_color_gradient_start=&#8220;rgba(27,31,37,0)&#8220; background_color_gradient_end=&#8220;#1b1f25&#8243; background_color_gradient_overlays_image=&#8220;on&#8220; background_image=&#8220;https:\/\/gemini.systems\/de\/wp-content\/uploads\/2018\/10\/pexels-photo-210647.jpeg&#8220; max_height=&#8220;611px&#8220; custom_margin=&#8220;0px|||&#8220; custom_padding=&#8220;0px|10%|0px|10%|true|false&#8220; custom_padding_tablet=&#8220;|30px||30px||true&#8220; custom_padding_phone=&#8220;|||||true&#8220; background_last_edited=&#8220;on|desktop&#8220; background_enable_image_tablet=&#8220;off&#8220; global_colors_info=&#8220;{}&#8220;][et_pb_row column_structure=&#8220;2_3,1_3&#8243; padding_top_bottom_link_1=&#8220;true&#8220; padding_left_right_link_1=&#8220;true&#8220; admin_label=&#8220;Zeile&#8220; _builder_version=&#8220;3.25&#8243; use_background_color_gradient=&#8220;on&#8220; background_color_gradient_start=&#8220;rgba(43,135,218,0.71)&#8220; background_color_gradient_end=&#8220;rgba(41,196,169,0.74)&#8220; background_size=&#8220;initial&#8220; background_position=&#8220;top_left&#8220; background_repeat=&#8220;repeat&#8220; width=&#8220;100%&#8220; max_width=&#8220;100%&#8220; custom_margin=&#8220;|||&#8220; custom_padding=&#8220;0||0px||false|false&#8220; use_custom_width=&#8220;on&#8220; width_unit=&#8220;off&#8220; custom_width_percent=&#8220;100%&#8220; global_colors_info=&#8220;{}&#8220;][et_pb_column type=&#8220;2_3&#8243; _builder_version=&#8220;3.25&#8243; use_background_color_gradient=&#8220;on&#8220; background_color_gradient_start=&#8220;rgba(0,0,0,0.12)&#8220; background_color_gradient_end=&#8220;rgba(255,255,255,0)&#8220; custom_padding=&#8220;12vw|40px|12vw|40px&#8220; custom_padding_tablet=&#8220;|||&#8220; custom_padding_phone=&#8220;|10px||10px||true&#8220; custom_padding_last_edited=&#8220;on|desktop&#8220; global_colors_info=&#8220;{}&#8220; custom_padding__hover=&#8220;|||&#8220;][et_pb_text _builder_version=&#8220;3.27.4&#8243; text_font=&#8220;Lato||||||||&#8220; text_font_size=&#8220;20px&#8220; text_line_height=&#8220;1.8em&#8220; header_font=&#8220;Teko|500||on|||||&#8220; header_font_size=&#8220;5vw&#8220; header_letter_spacing=&#8220;0.05em&#8220; header_line_height=&#8220;0.9em&#8220; background_layout=&#8220;dark&#8220; custom_margin=&#8220;|-10vw|0px|&#8220; custom_margin_tablet=&#8220;|0vw||&#8220; custom_margin_phone=&#8220;|-5vw||&#8220; custom_margin_last_edited=&#8220;on|tablet&#8220; animation_style=&#8220;zoom&#8220; animation_delay=&#8220;100ms&#8220; animation_intensity_zoom=&#8220;10%&#8220; header_font_size_tablet=&#8220;&#8220; header_font_size_phone=&#8220;&#8220; header_font_size_last_edited=&#8220;on|phone&#8220; header_line_height_tablet=&#8220;&#8220; header_line_height_phone=&#8220;1.2em&#8220; header_line_height_last_edited=&#8220;on|phone&#8220; header_text_shadow_style=&#8220;preset1&#8243; header_text_shadow_vertical_length=&#8220;0.18em&#8220; header_text_shadow_blur_strength=&#8220;0.27em&#8220; header_text_shadow_color=&#8220;rgba(0,0,0,0.38)&#8220; global_colors_info=&#8220;{}&#8220;]<\/p>\n<h1>Support<\/h1>\n<p>[\/et_pb_text][et_pb_text _builder_version=&#8220;3.27.4&#8243; text_font=&#8220;Lato||||||||&#8220; text_font_size=&#8220;20px&#8220; text_line_height=&#8220;1.8em&#8220; header_font=&#8220;||||||||&#8220; background_layout=&#8220;dark&#8220; custom_margin=&#8220;||60px|10vw&#8220; custom_margin_tablet=&#8220;|||0px&#8220; custom_margin_phone=&#8220;&#8220; custom_margin_last_edited=&#8220;on|tablet&#8220; animation_style=&#8220;slide&#8220; animation_direction=&#8220;left&#8220; animation_intensity_slide=&#8220;10%&#8220; locked=&#8220;off&#8220; global_colors_info=&#8220;{}&#8220;]Gemini ist eine Patentl\u00f6sung inklusive Support und Unterst\u00fctzung. Wir k\u00fcmmern uns um die Technik. F\u00fcr alle g\u00e4ngigen Fragen finden Sie hier auch online Antworten.<br \/>\n[\/et_pb_text][\/et_pb_column][et_pb_column type=&#8220;1_3&#8243; _builder_version=&#8220;3.25&#8243; custom_padding=&#8220;|||&#8220; global_colors_info=&#8220;{}&#8220; custom_padding__hover=&#8220;|||&#8220;][\/et_pb_column][\/et_pb_row][\/et_pb_section][et_pb_section fb_built=&#8220;1&#8243; _builder_version=&#8220;3.22.3&#8243; global_colors_info=&#8220;{}&#8220;][et_pb_row _builder_version=&#8220;3.25&#8243; global_colors_info=&#8220;{}&#8220;][et_pb_column type=&#8220;4_4&#8243; _builder_version=&#8220;3.25&#8243; custom_padding=&#8220;|||&#8220; global_colors_info=&#8220;{}&#8220; custom_padding__hover=&#8220;|||&#8220;][et_pb_text _builder_version=&#8220;3.27.4&#8243; global_colors_info=&#8220;{}&#8220;]<\/p>\n<h2 style=\"text-align: center;\">Finden Sie Antworten \u00a0in der Gemini Support Datenbank<\/h2>\n<p>[\/et_pb_text][\/et_pb_column][\/et_pb_row][\/et_pb_section]<\/p>\n<div class=\"mkb-root mkb-clearfix\"><div class=\"kb-header\" style=\"background-color: #ffffff;padding-top: 3em;padding-bottom: 3em;\">\t\t\t\n\t\t\t\n\t\t\t<div class=\"kb-search\">\n\n\t\t\t\t\n\t\t\t\t\t\t\t\t<form class=\"kb-search__form\" action=\"https:\/\/gemini.systems\/fr\/\" method=\"get\" autocomplete=\"off\" novalidate>\n\n\t\t\t\t\t\n\t\t\t\t\t<div class=\"kb-search__input-wrap mkb-search-theme__invisible\"\n\t\t\t\t\t     style=\"border-color: #ffffff;background-color: #ffffff;width: 38em;\">\n\t\t\t\t\t\t<input type=\"hidden\" name=\"source\" value=\"kb\" \/>\n\t\t\t\t\t\t\t\t\t\t\t\t\t\t\t\t\t\t\t\t\t\t\t\t<input class=\"kb-search__input\"\n\t\t\t\t\t\t       name=\"s\"\n\t\t\t\t\t\t       placeholder=\"Z.B.: Installation\"\n\t\t\t\t\t\t       type=\"text\"\n\t\t\t\t\t\t       data-show-results-topic=\"1\"\n\t\t\t\t\t\t       data-topic-label=\"Thema\"\n\t\t\t\t\t\t       data-custom-topic-colors=\"\"\n\t\t\t\t\t\t       data-autofocus=\"1\"\n\t\t\t\t\t\t\t\/>\n\t\t\t\t\t\t<span class=\"kb-search__results-summary\">\n\t\t\t\t\t\t\t<i class=\"kb-search-request-indicator fa fa-circle-o-notch fa-spin fa-fw\"><\/i>\n\t\t\t\t\t\t\t<span class=\"kb-summary-text-holder\"><\/span>\n\t\t\t\t\t\t<\/span>\n\t\t\t\t\t\t\t\t\t\t\t\t\t<span class=\"kb-search__icon-holder\">\n\t\t\t\t\t\t\t\t<i class=\"kb-search__icon fa fa-search\"><\/i>\n\t\t\t\t\t\t\t<\/span>\n\t\t\t\t\t\t\t\t\t\t\t\t<a href=\"#\" class=\"kb-search__clear\" title=\"Suche  l\u00f6schen\">\n\t\t\t\t\t\t\t<i class=\"kb-search__clear-icon fa fa-times-circle\"><\/i>\n\t\t\t\t\t\t<\/a>\n\n\t\t\t\t\t\t<div class=\"kb-search__results kb-search__results--with-topics\"><\/div>\n\t\t\t\t\t<\/div>\n\n\t\t\t\t\t\n\t\t\t\t\t\t\t\t\t<\/form>\n\n\t\t\t\t\n\t\t\t<\/div>\n\n\t\t\n\t\t<\/div>\n\t\t<div class=\"mkb-home-topics mkb-columns mkb-columns-4 mkb-uuid-69f8613035edb mkb-container\"><style><\/style><div class=\"mkb-row\">\t\t<div class=\"kb-topic topic-id-100 kb-topic--box-view\">\n\t\t\t\t\t\t\t<a href=\"https:\/\/gemini.systems\/fr\/support\/print-order-webapp\/\">\n\t\t\t\t\t\t\t<div class=\"kb-topic__inner\">\n\t\t\t\t\t<div class=\"kb-topic__box-header\" style=\"color: #4a90e2;\">\n\t\t\t\t\t\t\t\t\t\t\t\t<div class=\"kb-topic__icon-holder\" style=\"padding-top: 0em;padding-bottom: 0em;\">\n\t\t\t\t\t\t\t\t\t\t\t\t\t\t    <i class=\"kb-topic__box-icon fa fa-list-alt\"><\/i>\n\t\t\t\t\t\t\t\t\t\t\t\t\t<\/div>\n\t\t\t\t\t\t\t\t\t\t\t\t<h3 class=\"kb-topic__title\" style=\"color: #4a90e2;\">\n\t\t\t\t\t\t\tGemini Print Order WebApp\t\t\t\t\t\t<\/h3>\n\t\t\t\t\t<\/div>\n\n\t\t\t\t\t<div class=\"kb-topic__articles\">\n\t\t\t\t\t\t\t\t\t\t\t\t\t\t\t\t\t\t\t<div class=\"kb-topic__box-count\">\n\t\t\t\t\t\t\t\t7 Artikel\t\t\t\t\t\t\t<\/div>\n\t\t\t\t\t\t\t\t\t\t\t\t\t\t\t\t\t\t\t<div class=\"kb-topic__show-all\">\n\t\t\t\t\t\t\t\tZeige alle\t\t\t\t\t\t\t<\/div>\n\t\t\t\t\t\t\t\t\t\t\t<\/div>\n\t\t\t\t<\/div>\n\t\t\t\t\t\t\t<\/a>\n\t\t\t\t\t<\/div>\n\t\t\t<div class=\"kb-topic topic-id-46 kb-topic--box-view\">\n\t\t\t\t\t\t\t<a href=\"https:\/\/gemini.systems\/fr\/support\/titan-2-anleitung\/\">\n\t\t\t\t\t\t\t<div class=\"kb-topic__inner\">\n\t\t\t\t\t<div class=\"kb-topic__box-header\" style=\"color: #4a90e2;\">\n\t\t\t\t\t\t\t\t\t\t\t\t<div class=\"kb-topic__icon-holder\" style=\"padding-top: 0em;padding-bottom: 0em;\">\n\t\t\t\t\t\t\t\t\t\t\t\t\t\t    <i class=\"kb-topic__box-icon fa fa-book\"><\/i>\n\t\t\t\t\t\t\t\t\t\t\t\t\t<\/div>\n\t\t\t\t\t\t\t\t\t\t\t\t<h3 class=\"kb-topic__title\" style=\"color: #4a90e2;\">\n\t\t\t\t\t\t\tTitan 2 Anleitung\t\t\t\t\t\t<\/h3>\n\t\t\t\t\t<\/div>\n\n\t\t\t\t\t<div class=\"kb-topic__articles\">\n\t\t\t\t\t\t\t\t\t\t\t\t\t<div class=\"kb-topic__description\">\n\t\t\t\t\t\t\t\tAusf\u00fchrliche Anleitung f\u00fcr Titan 2 Mac und PC\t\t\t\t\t\t\t<\/div>\n\t\t\t\t\t\t\t\t\t\t\t\t\t\t\t\t\t\t\t<div class=\"kb-topic__box-count\">\n\t\t\t\t\t\t\t\t8 Artikel\t\t\t\t\t\t\t<\/div>\n\t\t\t\t\t\t\t\t\t\t\t\t\t\t\t\t\t\t\t<div class=\"kb-topic__show-all\">\n\t\t\t\t\t\t\t\tZeige alle\t\t\t\t\t\t\t<\/div>\n\t\t\t\t\t\t\t\t\t\t\t<\/div>\n\t\t\t\t<\/div>\n\t\t\t\t\t\t\t<\/a>\n\t\t\t\t\t<\/div>\n\t\t\t<div class=\"kb-topic topic-id-43 kb-topic--box-view\">\n\t\t\t\t\t\t\t<a href=\"https:\/\/gemini.systems\/fr\/support\/gemini-12-server-bedienung\/\">\n\t\t\t\t\t\t\t<div class=\"kb-topic__inner\">\n\t\t\t\t\t<div class=\"kb-topic__box-header\" style=\"color: #4a90e2;\">\n\t\t\t\t\t\t\t\t\t\t\t\t<div class=\"kb-topic__icon-holder\" style=\"padding-top: 0em;padding-bottom: 0em;\">\n\t\t\t\t\t\t\t\t\t\t\t\t\t\t    <i class=\"kb-topic__box-icon fa fa-apple\"><\/i>\n\t\t\t\t\t\t\t\t\t\t\t\t\t<\/div>\n\t\t\t\t\t\t\t\t\t\t\t\t<h3 class=\"kb-topic__title\" style=\"color: #4a90e2;\">\n\t\t\t\t\t\t\tBedienung des Gemini 12 Servers\t\t\t\t\t\t<\/h3>\n\t\t\t\t\t<\/div>\n\n\t\t\t\t\t<div class=\"kb-topic__articles\">\n\t\t\t\t\t\t\t\t\t\t\t\t\t\t\t\t\t\t\t<div class=\"kb-topic__box-count\">\n\t\t\t\t\t\t\t\t2 Artikel\t\t\t\t\t\t\t<\/div>\n\t\t\t\t\t\t\t\t\t\t\t\t\t\t\t\t\t\t\t<div class=\"kb-topic__show-all\">\n\t\t\t\t\t\t\t\tZeige alle\t\t\t\t\t\t\t<\/div>\n\t\t\t\t\t\t\t\t\t\t\t<\/div>\n\t\t\t\t<\/div>\n\t\t\t\t\t\t\t<\/a>\n\t\t\t\t\t<\/div>\n\t\t\t<div class=\"kb-topic topic-id-42 kb-topic--box-view\">\n\t\t\t\t\t\t\t<a href=\"https:\/\/gemini.systems\/fr\/support\/titan-client-installation\/\">\n\t\t\t\t\t\t\t<div class=\"kb-topic__inner\">\n\t\t\t\t\t<div class=\"kb-topic__box-header\" style=\"color: #4a90e2;\">\n\t\t\t\t\t\t\t\t\t\t\t\t<div class=\"kb-topic__icon-holder\" style=\"padding-top: 0em;padding-bottom: 0em;\">\n\t\t\t\t\t\t\t\t\t\t\t\t\t\t    <i class=\"kb-topic__box-icon fa fa-cog\"><\/i>\n\t\t\t\t\t\t\t\t\t\t\t\t\t<\/div>\n\t\t\t\t\t\t\t\t\t\t\t\t<h3 class=\"kb-topic__title\" style=\"color: #4a90e2;\">\n\t\t\t\t\t\t\tInstallation\t\t\t\t\t\t<\/h3>\n\t\t\t\t\t<\/div>\n\n\t\t\t\t\t<div class=\"kb-topic__articles\">\n\t\t\t\t\t\t\t\t\t\t\t\t\t\t\t\t\t\t\t<div class=\"kb-topic__box-count\">\n\t\t\t\t\t\t\t\t0 Artikel\t\t\t\t\t\t\t<\/div>\n\t\t\t\t\t\t\t\t\t\t\t\t\t\t\t\t\t\t\t<div class=\"kb-topic__show-all\">\n\t\t\t\t\t\t\t\tZeige alle\t\t\t\t\t\t\t<\/div>\n\t\t\t\t\t\t\t\t\t\t\t<\/div>\n\t\t\t\t<\/div>\n\t\t\t\t\t\t\t<\/a>\n\t\t\t\t\t<\/div>\n\t<\/div >\t\t<\/div>\n\t\t<\/div>","protected":false},"excerpt":{"rendered":"<p>Support Gemini est une solution brevet\u00e9e incluant le support et l'assistance. Nous nous occupons de la technique. Pour toutes les questions courantes, vous trouverez \u00e9galement des r\u00e9ponses en ligne. Trouvez des r\u00e9ponses dans la base de donn\u00e9es du support Gemini<\/p>","protected":false},"author":1,"featured_media":0,"parent":0,"menu_order":0,"comment_status":"closed","ping_status":"closed","template":"","meta":{"_et_pb_use_builder":"on","_et_pb_old_content":"","_et_gb_content_width":"","footnotes":""},"class_list":["post-877","page","type-page","status-publish","hentry"],"yoast_head":"<!-- This site is optimized with the Yoast SEO plugin v27.5 - https:\/\/yoast.com\/product\/yoast-seo-wordpress\/ -->\n<title>Support - Gemini Systems GmbH<\/title>\n<meta name=\"robots\" content=\"index, follow, max-snippet:-1, max-image-preview:large, max-video-preview:-1\" \/>\n<link rel=\"canonical\" href=\"https:\/\/gemini.systems\/fr\/support\/\" \/>\n<meta property=\"og:locale\" content=\"fr_FR\" \/>\n<meta property=\"og:type\" content=\"article\" \/>\n<meta property=\"og:title\" content=\"Support - Gemini Systems GmbH\" \/>\n<meta property=\"og:description\" content=\"Support Gemini ist eine Patentl\u00f6sung inklusive Support und Unterst\u00fctzung. Wir k\u00fcmmern uns um die Technik. F\u00fcr alle g\u00e4ngigen Fragen finden Sie hier auch online Antworten. Finden Sie Antworten \u00a0in der Gemini Support Datenbank\" \/>\n<meta property=\"og:url\" content=\"https:\/\/gemini.systems\/fr\/support\/\" \/>\n<meta property=\"og:site_name\" content=\"Gemini Systems GmbH\" \/>\n<meta property=\"article:modified_time\" content=\"2022-02-07T12:37:49+00:00\" \/>\n<meta name=\"twitter:card\" content=\"summary_large_image\" \/>\n<meta name=\"twitter:label1\" content=\"Dur\u00e9e de lecture estim\u00e9e\" \/>\n\t<meta name=\"twitter:data1\" content=\"2 minutes\" \/>\n<script type=\"application\/ld+json\" class=\"yoast-schema-graph\">{\"@context\":\"https:\\\/\\\/schema.org\",\"@graph\":[{\"@type\":\"WebPage\",\"@id\":\"https:\\\/\\\/gemini.systems\\\/en\\\/support\\\/\",\"url\":\"https:\\\/\\\/gemini.systems\\\/en\\\/support\\\/\",\"name\":\"Support - Gemini Systems GmbH\",\"isPartOf\":{\"@id\":\"https:\\\/\\\/gemini.systems\\\/nl\\\/#website\"},\"datePublished\":\"2018-09-30T09:25:13+00:00\",\"dateModified\":\"2022-02-07T12:37:49+00:00\",\"breadcrumb\":{\"@id\":\"https:\\\/\\\/gemini.systems\\\/en\\\/support\\\/#breadcrumb\"},\"inLanguage\":\"fr-FR\",\"potentialAction\":[{\"@type\":\"ReadAction\",\"target\":[\"https:\\\/\\\/gemini.systems\\\/en\\\/support\\\/\"]}]},{\"@type\":\"BreadcrumbList\",\"@id\":\"https:\\\/\\\/gemini.systems\\\/en\\\/support\\\/#breadcrumb\",\"itemListElement\":[{\"@type\":\"ListItem\",\"position\":1,\"name\":\"Startseite\",\"item\":\"https:\\\/\\\/gemini.systems\\\/\"},{\"@type\":\"ListItem\",\"position\":2,\"name\":\"Support\"}]},{\"@type\":\"WebSite\",\"@id\":\"https:\\\/\\\/gemini.systems\\\/nl\\\/#website\",\"url\":\"https:\\\/\\\/gemini.systems\\\/nl\\\/\",\"name\":\"Gemini Systems GmbH\",\"description\":\"Drucker Leasing mit Abrechnung nach Druckvolumen\",\"publisher\":{\"@id\":\"https:\\\/\\\/gemini.systems\\\/nl\\\/#organization\"},\"potentialAction\":[{\"@type\":\"SearchAction\",\"target\":{\"@type\":\"EntryPoint\",\"urlTemplate\":\"https:\\\/\\\/gemini.systems\\\/nl\\\/?s={search_term_string}\"},\"query-input\":{\"@type\":\"PropertyValueSpecification\",\"valueRequired\":true,\"valueName\":\"search_term_string\"}}],\"inLanguage\":\"fr-FR\"},{\"@type\":\"Organization\",\"@id\":\"https:\\\/\\\/gemini.systems\\\/nl\\\/#organization\",\"name\":\"Gemini Systems GmbH\",\"url\":\"https:\\\/\\\/gemini.systems\\\/nl\\\/\",\"logo\":{\"@type\":\"ImageObject\",\"inLanguage\":\"fr-FR\",\"@id\":\"https:\\\/\\\/gemini.systems\\\/nl\\\/#\\\/schema\\\/logo\\\/image\\\/\",\"url\":\"https:\\\/\\\/gemini.systems\\\/de\\\/wp-content\\\/uploads\\\/2018\\\/09\\\/Gemini-Systems-icon.png\",\"contentUrl\":\"https:\\\/\\\/gemini.systems\\\/de\\\/wp-content\\\/uploads\\\/2018\\\/09\\\/Gemini-Systems-icon.png\",\"width\":180,\"height\":180,\"caption\":\"Gemini Systems GmbH\"},\"image\":{\"@id\":\"https:\\\/\\\/gemini.systems\\\/nl\\\/#\\\/schema\\\/logo\\\/image\\\/\"},\"sameAs\":[\"http:\\\/\\\/instagram.com\\\/gemini.systems\"]}]}<\/script>\n<!-- \/ Yoast SEO plugin. -->","yoast_head_json":{"title":"Support - Gemini Systems GmbH","robots":{"index":"index","follow":"follow","max-snippet":"max-snippet:-1","max-image-preview":"max-image-preview:large","max-video-preview":"max-video-preview:-1"},"canonical":"https:\/\/gemini.systems\/fr\/support\/","og_locale":"fr_FR","og_type":"article","og_title":"Support - Gemini Systems GmbH","og_description":"Support Gemini ist eine Patentl\u00f6sung inklusive Support und Unterst\u00fctzung. Wir k\u00fcmmern uns um die Technik. F\u00fcr alle g\u00e4ngigen Fragen finden Sie hier auch online Antworten. Finden Sie Antworten \u00a0in der Gemini Support Datenbank","og_url":"https:\/\/gemini.systems\/fr\/support\/","og_site_name":"Gemini Systems GmbH","article_modified_time":"2022-02-07T12:37:49+00:00","twitter_card":"summary_large_image","twitter_misc":{"Dur\u00e9e de lecture estim\u00e9e":"2 minutes"},"schema":{"@context":"https:\/\/schema.org","@graph":[{"@type":"WebPage","@id":"https:\/\/gemini.systems\/en\/support\/","url":"https:\/\/gemini.systems\/en\/support\/","name":"Support - Gemini Systems GmbH","isPartOf":{"@id":"https:\/\/gemini.systems\/nl\/#website"},"datePublished":"2018-09-30T09:25:13+00:00","dateModified":"2022-02-07T12:37:49+00:00","breadcrumb":{"@id":"https:\/\/gemini.systems\/en\/support\/#breadcrumb"},"inLanguage":"fr-FR","potentialAction":[{"@type":"ReadAction","target":["https:\/\/gemini.systems\/en\/support\/"]}]},{"@type":"BreadcrumbList","@id":"https:\/\/gemini.systems\/en\/support\/#breadcrumb","itemListElement":[{"@type":"ListItem","position":1,"name":"Startseite","item":"https:\/\/gemini.systems\/"},{"@type":"ListItem","position":2,"name":"Support"}]},{"@type":"WebSite","@id":"https:\/\/gemini.systems\/nl\/#website","url":"https:\/\/gemini.systems\/nl\/","name":"Gemini Systems GmbH","description":"Location d'imprimante avec facturation au volume d'impression","publisher":{"@id":"https:\/\/gemini.systems\/nl\/#organization"},"potentialAction":[{"@type":"SearchAction","target":{"@type":"EntryPoint","urlTemplate":"https:\/\/gemini.systems\/nl\/?s={search_term_string}"},"query-input":{"@type":"PropertyValueSpecification","valueRequired":true,"valueName":"search_term_string"}}],"inLanguage":"fr-FR"},{"@type":"Organization","@id":"https:\/\/gemini.systems\/nl\/#organization","name":"Gemini Systems GmbH","url":"https:\/\/gemini.systems\/nl\/","logo":{"@type":"ImageObject","inLanguage":"fr-FR","@id":"https:\/\/gemini.systems\/nl\/#\/schema\/logo\/image\/","url":"https:\/\/gemini.systems\/de\/wp-content\/uploads\/2018\/09\/Gemini-Systems-icon.png","contentUrl":"https:\/\/gemini.systems\/de\/wp-content\/uploads\/2018\/09\/Gemini-Systems-icon.png","width":180,"height":180,"caption":"Gemini Systems GmbH"},"image":{"@id":"https:\/\/gemini.systems\/nl\/#\/schema\/logo\/image\/"},"sameAs":["http:\/\/instagram.com\/gemini.systems"]}]}},"_links":{"self":[{"href":"https:\/\/gemini.systems\/fr\/wp-json\/wp\/v2\/pages\/877","targetHints":{"allow":["GET"]}}],"collection":[{"href":"https:\/\/gemini.systems\/fr\/wp-json\/wp\/v2\/pages"}],"about":[{"href":"https:\/\/gemini.systems\/fr\/wp-json\/wp\/v2\/types\/page"}],"author":[{"embeddable":true,"href":"https:\/\/gemini.systems\/fr\/wp-json\/wp\/v2\/users\/1"}],"replies":[{"embeddable":true,"href":"https:\/\/gemini.systems\/fr\/wp-json\/wp\/v2\/comments?post=877"}],"version-history":[{"count":0,"href":"https:\/\/gemini.systems\/fr\/wp-json\/wp\/v2\/pages\/877\/revisions"}],"wp:attachment":[{"href":"https:\/\/gemini.systems\/fr\/wp-json\/wp\/v2\/media?parent=877"}],"curies":[{"name":"wp","href":"https:\/\/api.w.org\/{rel}","templated":true}]}}