{"id":1441,"date":"2019-02-16T23:42:21","date_gmt":"2019-02-16T23:42:21","guid":{"rendered":"http:\/\/wp13120761.server-he.de\/www-gemini-systems-neu\/?page_id=1441"},"modified":"2019-05-21T10:15:03","modified_gmt":"2019-05-21T10:15:03","slug":"testimonials","status":"publish","type":"page","link":"https:\/\/gemini.systems\/fr\/ueber-uns\/testimonials\/","title":{"rendered":"T\u00e9moignages"},"content":{"rendered":"<p>[et_pb_section fb_built=&#8220;1&#8243; custom_padding_last_edited=&#8220;on|tablet&#8220; admin_label=&#8220;Hero&#8220; _builder_version=&#8220;3.16.1&#8243; use_background_color_gradient=&#8220;on&#8220; background_color_gradient_start=&#8220;rgba(27,31,37,0.2)&#8220; background_color_gradient_end=&#8220;#1b1f25&#8243; background_color_gradient_overlays_image=&#8220;on&#8220; background_image=&#8220;https:\/\/gemini.systems\/de\/wp-content\/uploads\/2018\/09\/lensAndPrints-1024&#215;576.jpg&#8220; custom_margin=&#8220;0px|||&#8220; custom_padding=&#8220;0px|10%|0px|10%|true|true&#8220; custom_padding_tablet=&#8220;|30px||30px||true&#8220; custom_padding_phone=&#8220;|||||true&#8220; locked=&#8220;off&#8220;][et_pb_row use_custom_width=&#8220;on&#8220; width_unit=&#8220;off&#8220; custom_width_percent=&#8220;100%&#8220; custom_padding=&#8220;0||0px||false|false&#8220; custom_margin=&#8220;|||&#8220; padding_top_bottom_link_1=&#8220;true&#8220; padding_left_right_link_1=&#8220;true&#8220; use_background_color_gradient_1=&#8220;on&#8220; background_color_gradient_start_1=&#8220;rgba(0,0,0,0.33)&#8220; background_color_gradient_end_1=&#8220;rgba(255,255,255,0)&#8220; padding_top_1=&#8220;7vw&#8220; padding_right_1=&#8220;40px&#8220; padding_bottom_1=&#8220;7vw&#8220; padding_left_1=&#8220;40px&#8220; padding_1_tablet=&#8220;|||&#8220; padding_1_phone=&#8220;|10px||10px||true&#8220; padding_1_last_edited=&#8220;on|desktop&#8220; _builder_version=&#8220;3.19.12&#8243; use_background_color_gradient=&#8220;on&#8220; background_color_gradient_start=&#8220;rgba(43,135,218,0.71)&#8220; background_color_gradient_end=&#8220;rgba(41,196,169,0.69)&#8220; background_size=&#8220;initial&#8220; background_position=&#8220;top_left&#8220;][et_pb_column type=&#8220;2_3&#8243; _builder_version=&#8220;3.0.47&#8243;][et_pb_text _builder_version=&#8220;3.19.14&#8243; text_font=&#8220;Lato||||||||&#8220; text_font_size=&#8220;20px&#8220; text_line_height=&#8220;1.8em&#8220; header_font=&#8220;Teko|500||on|||||&#8220; header_font_size=&#8220;5vw&#8220; header_font_size_last_edited=&#8220;on|phone&#8220; header_letter_spacing=&#8220;0.05em&#8220; header_line_height=&#8220;0.9em&#8220; header_line_height_phone=&#8220;1.2em&#8220; header_line_height_last_edited=&#8220;on|phone&#8220; header_text_shadow_style=&#8220;preset1&#8243; header_text_shadow_vertical_length=&#8220;0.18em&#8220; header_text_shadow_blur_strength=&#8220;0.27em&#8220; header_text_shadow_color=&#8220;rgba(0,0,0,0.38)&#8220; background_layout=&#8220;dark&#8220; custom_margin=&#8220;|-10vw|0px|&#8220; custom_margin_tablet=&#8220;|0vw||&#8220; custom_margin_phone=&#8220;|-5vw||&#8220; custom_margin_last_edited=&#8220;on|tablet&#8220; animation_style=&#8220;zoom&#8220; animation_delay=&#8220;100ms&#8220; animation_intensity_zoom=&#8220;10%&#8220;]<\/p>\n<h1>Das sagen unsere Kunden<\/h1>\n<p>[\/et_pb_text][et_pb_text _builder_version=&#8220;3.19.14&#8243; text_font=&#8220;Lato||||||||&#8220; text_font_size=&#8220;20px&#8220; text_line_height=&#8220;1.8em&#8220; header_font=&#8220;||||||||&#8220; background_layout=&#8220;dark&#8220; custom_margin=&#8220;|-10vw||10vw&#8220; custom_margin_tablet=&#8220;|0vw||0px&#8220; custom_margin_last_edited=&#8220;on|desktop&#8220; animation_style=&#8220;slide&#8220; animation_direction=&#8220;left&#8220; animation_intensity_slide=&#8220;10%&#8220; locked=&#8220;off&#8220;]<\/p>\n<p>Zufriedene Gemini-Kunden sprechen f\u00fcr sich.\u00a0<\/p>\n<p>[\/et_pb_text][\/et_pb_column][et_pb_column type=&#8220;1_3&#8243; _builder_version=&#8220;3.0.47&#8243;][\/et_pb_column][\/et_pb_row][\/et_pb_section][et_pb_section fb_built=&#8220;1&#8243; admin_label=&#8220;Listings&#8220; _builder_version=&#8220;3.6&#8243; custom_padding=&#8220;80px|0px|80px|0px|true|false&#8220;][et_pb_row _builder_version=&#8220;3.16.1&#8243;][et_pb_column type=&#8220;1_2&#8243; _builder_version=&#8220;3.16.1&#8243;][et_pb_image src=&#8220;https:\/\/gemini.systems\/de\/wp-content\/uploads\/2018\/10\/Thomas-Blumrich-Gemini-e1538918518533.jpg&#8220; align=&#8220;right&#8220; _builder_version=&#8220;3.19.14&#8243;][\/et_pb_image][\/et_pb_column][et_pb_column type=&#8220;1_2&#8243; _builder_version=&#8220;3.16.1&#8243;][et_pb_text ul_type=&#8220;square&#8220; admin_label=&#8220;Title&#8220; _builder_version=&#8220;3.19.14&#8243; text_font=&#8220;Lato||||||||&#8220; text_font_size=&#8220;16px&#8220; text_line_height=&#8220;2em&#8220; ul_font=&#8220;||||||||&#8220; header_font=&#8220;||||||||&#8220; header_2_font=&#8220;Teko||||||||&#8220; header_3_font=&#8220;Teko|500|||||||&#8220; header_3_font_size=&#8220;26px&#8220; header_3_line_height=&#8220;1.2em&#8220; header_4_font=&#8220;||||||||&#8220; custom_margin=&#8220;||0px|&#8220; locked=&#8220;off&#8220;]<\/p>\n<h1>Thomas Blumrich<\/h1>\n<p>Gesch\u00e4ftsf\u00fchrer blumrich Rahmen und Fotografie<\/p>\n<p>&nbsp;<\/p>\n<blockquote>\n<h1><em>Ein durch und durch intuitiv benutzbares System mit einer hervorragenden Druckqualit\u00e4t. <\/em><\/h1>\n<h1><em>Die Kontrolle \u00fcber die Qualit\u00e4t der eigenen Fotos zu haben ist unbezahlbar.<\/em><\/h1>\n<\/blockquote>\n<p>[\/et_pb_text][\/et_pb_column][\/et_pb_row][et_pb_row _builder_version=&#8220;3.16.1&#8243;][et_pb_column type=&#8220;1_2&#8243; _builder_version=&#8220;3.16.1&#8243;][et_pb_text ul_type=&#8220;square&#8220; admin_label=&#8220;Title&#8220; _builder_version=&#8220;3.19.14&#8243; text_font=&#8220;Lato||||||||&#8220; text_font_size=&#8220;16px&#8220; text_line_height=&#8220;2em&#8220; ul_font=&#8220;||||||||&#8220; header_font=&#8220;||||||||&#8220; header_2_font=&#8220;Teko||||||||&#8220; header_3_font=&#8220;Teko|500|||||||&#8220; header_3_font_size=&#8220;26px&#8220; header_3_line_height=&#8220;1.2em&#8220; header_4_font=&#8220;||||||||&#8220; custom_margin=&#8220;||0px|&#8220; locked=&#8220;off&#8220;]<\/p>\n<h1>Heike Witzgall<\/h1>\n<p>Gesch\u00e4ftsf\u00fchrerin Heike Witzgall Fotografie<\/p>\n<p>&nbsp;<\/p>\n<blockquote>\n<h1><em>Meine Firmenphilosophie lautet &#8222;Klasse statt Masse&#8220;. Also m\u00f6chte ich meinen Kunden auch erstklassige Fotodrucke in Profiqualit\u00e4t anbieten, ohne zu viel Zeit in Technik und Farbmanagement zu investieren. Deshalb ist Gemini f\u00fcr mich die erste Wahl.<\/em><\/h1>\n<\/blockquote>\n<p>[\/et_pb_text][\/et_pb_column][et_pb_column type=&#8220;1_2&#8243; _builder_version=&#8220;3.16.1&#8243;][et_pb_image src=&#8220;https:\/\/gemini.systems\/de\/wp-content\/uploads\/2018\/10\/Heike-Witzgall-2908.jpg&#8220; align=&#8220;right&#8220; _builder_version=&#8220;3.19.14&#8243;][\/et_pb_image][\/et_pb_column][\/et_pb_row][et_pb_row _builder_version=&#8220;3.16.1&#8243;][et_pb_column type=&#8220;1_2&#8243; _builder_version=&#8220;3.16.1&#8243;][et_pb_image src=&#8220;https:\/\/gemini.systems\/de\/wp-content\/uploads\/2019\/03\/Th-0016-SW-Kopie.jpeg&#8220; align=&#8220;right&#8220; _builder_version=&#8220;3.19.17&#8243;][\/et_pb_image][\/et_pb_column][et_pb_column type=&#8220;1_2&#8243; _builder_version=&#8220;3.16.1&#8243;][et_pb_text ul_type=&#8220;square&#8220; admin_label=&#8220;Title&#8220; _builder_version=&#8220;3.19.14&#8243; text_font=&#8220;Lato||||||||&#8220; text_font_size=&#8220;16px&#8220; text_line_height=&#8220;2em&#8220; ul_font=&#8220;||||||||&#8220; header_font=&#8220;||||||||&#8220; header_2_font=&#8220;Teko||||||||&#8220; header_3_font=&#8220;Teko|500|||||||&#8220; header_3_font_size=&#8220;26px&#8220; header_3_line_height=&#8220;1.2em&#8220; header_4_font=&#8220;||||||||&#8220; custom_margin=&#8220;||0px|&#8220; locked=&#8220;off&#8220;]<\/p>\n<h1>Thomas Ceska<\/h1>\n<p>Gesch\u00e4ftsf\u00fchrer Fotostudio Ceska<\/p>\n<p>&nbsp;<\/p>\n<blockquote>\n<h1><em>Auf mein ma\u00dfgeschneidertes Gemini-System m\u00f6chte ich auch nach vier Gemini-Generationen im Haus auf keinen Fall verzichten. F\u00fcr meine Kunden kann ich schnell reagieren und das auf hohem Qualit\u00e4tsniveau bis 1,1m Materialbreite.<\/em><\/h1>\n<\/blockquote>\n<p>[\/et_pb_text][\/et_pb_column][\/et_pb_row][et_pb_row _builder_version=&#8220;3.16.1&#8243;][et_pb_column type=&#8220;1_2&#8243; _builder_version=&#8220;3.16.1&#8243;][et_pb_text ul_type=&#8220;square&#8220; admin_label=&#8220;Title&#8220; _builder_version=&#8220;3.19.14&#8243; text_font=&#8220;Lato||||||||&#8220; text_font_size=&#8220;16px&#8220; text_line_height=&#8220;2em&#8220; ul_font=&#8220;||||||||&#8220; header_font=&#8220;||||||||&#8220; header_2_font=&#8220;Teko||||||||&#8220; header_3_font=&#8220;Teko|500|||||||&#8220; header_3_font_size=&#8220;26px&#8220; header_3_line_height=&#8220;1.2em&#8220; header_4_font=&#8220;||||||||&#8220; custom_margin=&#8220;||0px|&#8220; locked=&#8220;off&#8220;]<\/p>\n<h1>Ad Roskam<\/h1>\n<p>Gesch\u00e4ftsf\u00fchrer Foto ID<\/p>\n<p>&nbsp;<\/p>\n<blockquote>\n<h1><i class=\"\">Wir drucken seit \u00fcber 10 Jahren mit dem Gemini-System, sehr zufrieden! Der Service bei Problemen ist schnell und gut! So ist es zu empfehlen.<\/i><\/h1>\n<\/blockquote>\n<p>[\/et_pb_text][\/et_pb_column][et_pb_column type=&#8220;1_2&#8243; _builder_version=&#8220;3.16.1&#8243;][et_pb_image src=&#8220;https:\/\/gemini.systems\/de\/wp-content\/uploads\/2019\/02\/profiel-Ad.jpeg&#8220; align=&#8220;right&#8220; _builder_version=&#8220;3.19.14&#8243;][\/et_pb_image][\/et_pb_column][\/et_pb_row][et_pb_row _builder_version=&#8220;3.16.1&#8243;][et_pb_column type=&#8220;1_2&#8243; _builder_version=&#8220;3.16.1&#8243;][et_pb_image src=&#8220;https:\/\/gemini.systems\/de\/wp-content\/uploads\/2019\/02\/reto-foto.jpeg&#8220; _builder_version=&#8220;3.19.14&#8243;][\/et_pb_image][\/et_pb_column][et_pb_column type=&#8220;1_2&#8243; _builder_version=&#8220;3.16.1&#8243;][et_pb_text ul_type=&#8220;square&#8220; admin_label=&#8220;Title&#8220; _builder_version=&#8220;3.19.14&#8243; text_font=&#8220;Lato||||||||&#8220; text_font_size=&#8220;16px&#8220; text_line_height=&#8220;2em&#8220; ul_font=&#8220;||||||||&#8220; header_font=&#8220;||||||||&#8220; header_2_font=&#8220;Teko||||||||&#8220; header_3_font=&#8220;Teko|500|||||||&#8220; header_3_font_size=&#8220;26px&#8220; header_3_line_height=&#8220;1.2em&#8220; header_4_font=&#8220;||||||||&#8220; custom_margin=&#8220;||0px|&#8220; locked=&#8220;off&#8220;]<\/p>\n<h1>Reto Jehli<\/h1>\n<p>Gesch\u00e4ftsf\u00fchrer bluewin<\/p>\n<p>&nbsp;<\/p>\n<blockquote>\n<h1><em>Auf mein ma\u00dfgeschneidertes Gemini-System m\u00f6chte ich auch nach vier Gemini-Generationen im Haus auf keinen Fall verzichten. F\u00fcr meine Kunden kann ich schnell reagieren und das auf hohem Qualit\u00e4tsniveau bis 1,1m Materialbreite.<\/em><\/h1>\n<\/blockquote>\n<p>[\/et_pb_text][\/et_pb_column][\/et_pb_row][et_pb_row _builder_version=&#8220;3.16.1&#8243;][et_pb_column type=&#8220;1_2&#8243; _builder_version=&#8220;3.16.1&#8243;][et_pb_text ul_type=&#8220;square&#8220; admin_label=&#8220;Title&#8220; _builder_version=&#8220;3.19.17&#8243; text_font=&#8220;Lato||||||||&#8220; text_font_size=&#8220;16px&#8220; text_line_height=&#8220;2em&#8220; ul_font=&#8220;||||||||&#8220; header_font=&#8220;||||||||&#8220; header_2_font=&#8220;Teko||||||||&#8220; header_3_font=&#8220;Teko|500|||||||&#8220; header_3_font_size=&#8220;26px&#8220; header_3_line_height=&#8220;1.2em&#8220; header_4_font=&#8220;||||||||&#8220; custom_margin=&#8220;||0px|&#8220; locked=&#8220;off&#8220;]<\/p>\n<h1>Gaby M\u00fcller<\/h1>\n<p>Gesch\u00e4ftsf\u00fchrerin Fotostudio Gaby M\u00fcller<\/p>\n<p>&nbsp;<\/p>\n<blockquote>\n<h1><i class=\"\">Gemini hat mich in all den Jahren nie entt\u00e4uscht. K\u00f6nnte Gemini nie missen. Absolut empfehlenswert!\u00a0<\/i><\/h1>\n<\/blockquote>\n<p>[\/et_pb_text][\/et_pb_column][et_pb_column type=&#8220;1_2&#8243; _builder_version=&#8220;3.16.1&#8243;][et_pb_image src=&#8220;https:\/\/gemini.systems\/de\/wp-content\/uploads\/2019\/03\/DSC_5022.jpeg&#8220; align=&#8220;right&#8220; _builder_version=&#8220;3.19.17&#8243;][\/et_pb_image][\/et_pb_column][\/et_pb_row][\/et_pb_section]<\/p>\n","protected":false},"excerpt":{"rendered":"<p>Das sagen unsere KundenZufriedene Gemini-Kunden sprechen f\u00fcr sich.\u00a0Thomas Blumrich Gesch\u00e4ftsf\u00fchrer blumrich Rahmen und Fotografie &nbsp; Ein durch und durch intuitiv benutzbares System mit einer hervorragenden Druckqualit\u00e4t. Die Kontrolle \u00fcber die Qualit\u00e4t der eigenen Fotos zu haben ist unbezahlbar. Heike Witzgall Gesch\u00e4ftsf\u00fchrerin Heike Witzgall Fotografie &nbsp; Meine Firmenphilosophie lautet &#8222;Klasse statt Masse&#8220;. Also m\u00f6chte ich meinen [&hellip;]<\/p>\n","protected":false},"author":1,"featured_media":0,"parent":1179,"menu_order":0,"comment_status":"closed","ping_status":"closed","template":"","meta":{"_et_pb_use_builder":"on","_et_pb_old_content":"","_et_gb_content_width":"","footnotes":""},"class_list":["post-1441","page","type-page","status-publish","hentry"],"yoast_head":"<!-- This site is optimized with the Yoast SEO plugin v27.4 - https:\/\/yoast.com\/product\/yoast-seo-wordpress\/ -->\n<title>Testimonials - Gemini Systems GmbH<\/title>\n<meta name=\"robots\" content=\"index, follow, max-snippet:-1, max-image-preview:large, max-video-preview:-1\" \/>\n<link rel=\"canonical\" href=\"https:\/\/gemini.systems\/fr\/a-propos-de-nous\/testimonials\/\" \/>\n<meta property=\"og:locale\" content=\"fr_FR\" \/>\n<meta property=\"og:type\" content=\"article\" \/>\n<meta property=\"og:title\" content=\"Testimonials - Gemini Systems GmbH\" \/>\n<meta property=\"og:description\" content=\"Das sagen unsere KundenZufriedene Gemini-Kunden sprechen f\u00fcr sich.\u00a0Thomas Blumrich Gesch\u00e4ftsf\u00fchrer blumrich Rahmen und Fotografie &nbsp; Ein durch und durch intuitiv benutzbares System mit einer hervorragenden Druckqualit\u00e4t. Die Kontrolle \u00fcber die Qualit\u00e4t der eigenen Fotos zu haben ist unbezahlbar. Heike Witzgall Gesch\u00e4ftsf\u00fchrerin Heike Witzgall Fotografie &nbsp; Meine Firmenphilosophie lautet &quot;Klasse statt Masse&quot;. Also m\u00f6chte ich meinen [&hellip;]\" \/>\n<meta property=\"og:url\" content=\"https:\/\/gemini.systems\/fr\/a-propos-de-nous\/testimonials\/\" \/>\n<meta property=\"og:site_name\" content=\"Gemini Systems GmbH\" \/>\n<meta property=\"article:modified_time\" content=\"2019-05-21T10:15:03+00:00\" \/>\n<meta name=\"twitter:card\" content=\"summary_large_image\" \/>\n<meta name=\"twitter:label1\" content=\"Dur\u00e9e de lecture estim\u00e9e\" \/>\n\t<meta name=\"twitter:data1\" content=\"6 minutes\" \/>\n<script type=\"application\/ld+json\" class=\"yoast-schema-graph\">{\"@context\":\"https:\\\/\\\/schema.org\",\"@graph\":[{\"@type\":\"WebPage\",\"@id\":\"https:\\\/\\\/gemini.systems\\\/ueber-uns\\\/testimonials\\\/\",\"url\":\"https:\\\/\\\/gemini.systems\\\/ueber-uns\\\/testimonials\\\/\",\"name\":\"Testimonials - Gemini Systems GmbH\",\"isPartOf\":{\"@id\":\"https:\\\/\\\/gemini.systems\\\/nl\\\/#website\"},\"datePublished\":\"2019-02-16T23:42:21+00:00\",\"dateModified\":\"2019-05-21T10:15:03+00:00\",\"breadcrumb\":{\"@id\":\"https:\\\/\\\/gemini.systems\\\/ueber-uns\\\/testimonials\\\/#breadcrumb\"},\"inLanguage\":\"fr-FR\",\"potentialAction\":[{\"@type\":\"ReadAction\",\"target\":[\"https:\\\/\\\/gemini.systems\\\/ueber-uns\\\/testimonials\\\/\"]}]},{\"@type\":\"BreadcrumbList\",\"@id\":\"https:\\\/\\\/gemini.systems\\\/ueber-uns\\\/testimonials\\\/#breadcrumb\",\"itemListElement\":[{\"@type\":\"ListItem\",\"position\":1,\"name\":\"Startseite\",\"item\":\"https:\\\/\\\/gemini.systems\\\/\"},{\"@type\":\"ListItem\",\"position\":2,\"name\":\"\u00dcber Uns\",\"item\":\"https:\\\/\\\/gemini.systems\\\/en\\\/about-us\\\/\"},{\"@type\":\"ListItem\",\"position\":3,\"name\":\"Testimonials\"}]},{\"@type\":\"WebSite\",\"@id\":\"https:\\\/\\\/gemini.systems\\\/nl\\\/#website\",\"url\":\"https:\\\/\\\/gemini.systems\\\/nl\\\/\",\"name\":\"Gemini Systems GmbH\",\"description\":\"Drucker Leasing mit Abrechnung nach Druckvolumen\",\"publisher\":{\"@id\":\"https:\\\/\\\/gemini.systems\\\/nl\\\/#organization\"},\"potentialAction\":[{\"@type\":\"SearchAction\",\"target\":{\"@type\":\"EntryPoint\",\"urlTemplate\":\"https:\\\/\\\/gemini.systems\\\/nl\\\/?s={search_term_string}\"},\"query-input\":{\"@type\":\"PropertyValueSpecification\",\"valueRequired\":true,\"valueName\":\"search_term_string\"}}],\"inLanguage\":\"fr-FR\"},{\"@type\":\"Organization\",\"@id\":\"https:\\\/\\\/gemini.systems\\\/nl\\\/#organization\",\"name\":\"Gemini Systems GmbH\",\"url\":\"https:\\\/\\\/gemini.systems\\\/nl\\\/\",\"logo\":{\"@type\":\"ImageObject\",\"inLanguage\":\"fr-FR\",\"@id\":\"https:\\\/\\\/gemini.systems\\\/nl\\\/#\\\/schema\\\/logo\\\/image\\\/\",\"url\":\"https:\\\/\\\/gemini.systems\\\/de\\\/wp-content\\\/uploads\\\/2018\\\/09\\\/Gemini-Systems-icon.png\",\"contentUrl\":\"https:\\\/\\\/gemini.systems\\\/de\\\/wp-content\\\/uploads\\\/2018\\\/09\\\/Gemini-Systems-icon.png\",\"width\":180,\"height\":180,\"caption\":\"Gemini Systems GmbH\"},\"image\":{\"@id\":\"https:\\\/\\\/gemini.systems\\\/nl\\\/#\\\/schema\\\/logo\\\/image\\\/\"},\"sameAs\":[\"http:\\\/\\\/instagram.com\\\/gemini.systems\"]}]}<\/script>\n<!-- \/ Yoast SEO plugin. -->","yoast_head_json":{"title":"T\u00e9moignages - Gemini Systems GmbH","robots":{"index":"index","follow":"follow","max-snippet":"max-snippet:-1","max-image-preview":"max-image-preview:large","max-video-preview":"max-video-preview:-1"},"canonical":"https:\/\/gemini.systems\/fr\/a-propos-de-nous\/testimonials\/","og_locale":"fr_FR","og_type":"article","og_title":"Testimonials - Gemini Systems GmbH","og_description":"Das sagen unsere KundenZufriedene Gemini-Kunden sprechen f\u00fcr sich.\u00a0Thomas Blumrich Gesch\u00e4ftsf\u00fchrer blumrich Rahmen und Fotografie &nbsp; Ein durch und durch intuitiv benutzbares System mit einer hervorragenden Druckqualit\u00e4t. Die Kontrolle \u00fcber die Qualit\u00e4t der eigenen Fotos zu haben ist unbezahlbar. Heike Witzgall Gesch\u00e4ftsf\u00fchrerin Heike Witzgall Fotografie &nbsp; Meine Firmenphilosophie lautet \"Klasse statt Masse\". Also m\u00f6chte ich meinen [&hellip;]","og_url":"https:\/\/gemini.systems\/fr\/a-propos-de-nous\/testimonials\/","og_site_name":"Gemini Systems GmbH","article_modified_time":"2019-05-21T10:15:03+00:00","twitter_card":"summary_large_image","twitter_misc":{"Dur\u00e9e de lecture estim\u00e9e":"6 minutes"},"schema":{"@context":"https:\/\/schema.org","@graph":[{"@type":"WebPage","@id":"https:\/\/gemini.systems\/ueber-uns\/testimonials\/","url":"https:\/\/gemini.systems\/ueber-uns\/testimonials\/","name":"T\u00e9moignages - Gemini Systems GmbH","isPartOf":{"@id":"https:\/\/gemini.systems\/nl\/#website"},"datePublished":"2019-02-16T23:42:21+00:00","dateModified":"2019-05-21T10:15:03+00:00","breadcrumb":{"@id":"https:\/\/gemini.systems\/ueber-uns\/testimonials\/#breadcrumb"},"inLanguage":"fr-FR","potentialAction":[{"@type":"ReadAction","target":["https:\/\/gemini.systems\/ueber-uns\/testimonials\/"]}]},{"@type":"BreadcrumbList","@id":"https:\/\/gemini.systems\/ueber-uns\/testimonials\/#breadcrumb","itemListElement":[{"@type":"ListItem","position":1,"name":"Startseite","item":"https:\/\/gemini.systems\/"},{"@type":"ListItem","position":2,"name":"\u00dcber Uns","item":"https:\/\/gemini.systems\/en\/about-us\/"},{"@type":"ListItem","position":3,"name":"Testimonials"}]},{"@type":"WebSite","@id":"https:\/\/gemini.systems\/nl\/#website","url":"https:\/\/gemini.systems\/nl\/","name":"Gemini Systems GmbH","description":"Location d'imprimante avec facturation au volume d'impression","publisher":{"@id":"https:\/\/gemini.systems\/nl\/#organization"},"potentialAction":[{"@type":"SearchAction","target":{"@type":"EntryPoint","urlTemplate":"https:\/\/gemini.systems\/nl\/?s={search_term_string}"},"query-input":{"@type":"PropertyValueSpecification","valueRequired":true,"valueName":"search_term_string"}}],"inLanguage":"fr-FR"},{"@type":"Organization","@id":"https:\/\/gemini.systems\/nl\/#organization","name":"Gemini Systems GmbH","url":"https:\/\/gemini.systems\/nl\/","logo":{"@type":"ImageObject","inLanguage":"fr-FR","@id":"https:\/\/gemini.systems\/nl\/#\/schema\/logo\/image\/","url":"https:\/\/gemini.systems\/de\/wp-content\/uploads\/2018\/09\/Gemini-Systems-icon.png","contentUrl":"https:\/\/gemini.systems\/de\/wp-content\/uploads\/2018\/09\/Gemini-Systems-icon.png","width":180,"height":180,"caption":"Gemini Systems GmbH"},"image":{"@id":"https:\/\/gemini.systems\/nl\/#\/schema\/logo\/image\/"},"sameAs":["http:\/\/instagram.com\/gemini.systems"]}]}},"_links":{"self":[{"href":"https:\/\/gemini.systems\/fr\/wp-json\/wp\/v2\/pages\/1441","targetHints":{"allow":["GET"]}}],"collection":[{"href":"https:\/\/gemini.systems\/fr\/wp-json\/wp\/v2\/pages"}],"about":[{"href":"https:\/\/gemini.systems\/fr\/wp-json\/wp\/v2\/types\/page"}],"author":[{"embeddable":true,"href":"https:\/\/gemini.systems\/fr\/wp-json\/wp\/v2\/users\/1"}],"replies":[{"embeddable":true,"href":"https:\/\/gemini.systems\/fr\/wp-json\/wp\/v2\/comments?post=1441"}],"version-history":[{"count":0,"href":"https:\/\/gemini.systems\/fr\/wp-json\/wp\/v2\/pages\/1441\/revisions"}],"up":[{"embeddable":true,"href":"https:\/\/gemini.systems\/fr\/wp-json\/wp\/v2\/pages\/1179"}],"wp:attachment":[{"href":"https:\/\/gemini.systems\/fr\/wp-json\/wp\/v2\/media?parent=1441"}],"curies":[{"name":"wp","href":"https:\/\/api.w.org\/{rel}","templated":true}]}}